{"id":9952,"date":"2023-05-15T07:57:18","date_gmt":"2023-05-15T07:57:18","guid":{"rendered":"https:\/\/store.rektor.no\/?product=seattle-028242"},"modified":"2023-06-02T13:19:10","modified_gmt":"2023-06-02T13:19:10","slug":"seattle-028242","status":"publish","type":"product","link":"https:\/\/store.rektor.no\/?product=seattle-028242","title":{"rendered":"Seattle &#8211; 028242"},"content":{"rendered":"<p>Artikelnummer:028242<\/p>\n","protected":false},"excerpt":{"rendered":"<p>Pique med fargekontrast i knapper, nakkeb\u00e5nd, knappestolpe og splitt i sidene. St\u00e5ende skjortekrage og knappestolpe med tre knapper p\u00e5 herremodellen og fem p\u00e5 dame. Kontraststripe p\u00e5 krage og ermavslutning.<\/p>\n","protected":false},"featured_media":9953,"template":"","meta":[],"product_cat":[106,284,283,278],"product_tag":[],"_links":{"self":[{"href":"https:\/\/store.rektor.no\/index.php?rest_route=\/wp\/v2\/product\/9952"}],"collection":[{"href":"https:\/\/store.rektor.no\/index.php?rest_route=\/wp\/v2\/product"}],"about":[{"href":"https:\/\/store.rektor.no\/index.php?rest_route=\/wp\/v2\/types\/product"}],"wp:featuredmedia":[{"embeddable":true,"href":"https:\/\/store.rektor.no\/index.php?rest_route=\/wp\/v2\/media\/9953"}],"wp:attachment":[{"href":"https:\/\/store.rektor.no\/index.php?rest_route=%2Fwp%2Fv2%2Fmedia&parent=9952"}],"wp:term":[{"taxonomy":"product_cat","embeddable":true,"href":"https:\/\/store.rektor.no\/index.php?rest_route=%2Fwp%2Fv2%2Fproduct_cat&post=9952"},{"taxonomy":"product_tag","embeddable":true,"href":"https:\/\/store.rektor.no\/index.php?rest_route=%2Fwp%2Fv2%2Fproduct_tag&post=9952"}],"curies":[{"name":"wp","href":"https:\/\/api.w.org\/{rel}","templated":true}]}}