{"id":925,"date":"2023-05-12T13:04:00","date_gmt":"2023-05-12T13:04:00","guid":{"rendered":"https:\/\/store.rektor.no\/?product=classic-softshell-vest-lady-0200916"},"modified":"2023-06-02T13:04:30","modified_gmt":"2023-06-02T13:04:30","slug":"classic-softshell-vest-lady-0200916","status":"publish","type":"product","link":"https:\/\/store.rektor.no\/?product=classic-softshell-vest-lady-0200916","title":{"rendered":"Classic Softshell Vest Lady &#8211; 0200916"},"content":{"rendered":"<p>Artikelnummer:0200916<\/p>\n","protected":false},"excerpt":{"rendered":"<p>V\u00e5r 3-lags softshellvest med resirkulert polyester. Ton-i-ton reversert glidel\u00e5s i front. Tre utvendige lommer og to innerlommer. Elastisk teip i nederkant og ved erm\u00e5pningene. WP 3000 \/ MVP 1000<\/p>\n","protected":false},"featured_media":926,"template":"","meta":[],"product_cat":[106,107,112,110],"product_tag":[],"_links":{"self":[{"href":"https:\/\/store.rektor.no\/index.php?rest_route=\/wp\/v2\/product\/925"}],"collection":[{"href":"https:\/\/store.rektor.no\/index.php?rest_route=\/wp\/v2\/product"}],"about":[{"href":"https:\/\/store.rektor.no\/index.php?rest_route=\/wp\/v2\/types\/product"}],"wp:featuredmedia":[{"embeddable":true,"href":"https:\/\/store.rektor.no\/index.php?rest_route=\/wp\/v2\/media\/926"}],"wp:attachment":[{"href":"https:\/\/store.rektor.no\/index.php?rest_route=%2Fwp%2Fv2%2Fmedia&parent=925"}],"wp:term":[{"taxonomy":"product_cat","embeddable":true,"href":"https:\/\/store.rektor.no\/index.php?rest_route=%2Fwp%2Fv2%2Fproduct_cat&post=925"},{"taxonomy":"product_tag","embeddable":true,"href":"https:\/\/store.rektor.no\/index.php?rest_route=%2Fwp%2Fv2%2Fproduct_tag&post=925"}],"curies":[{"name":"wp","href":"https:\/\/api.w.org\/{rel}","templated":true}]}}