{"id":8822,"date":"2023-05-15T07:52:22","date_gmt":"2023-05-15T07:52:22","guid":{"rendered":"https:\/\/store.rektor.no\/?product=baily-024125"},"modified":"2023-06-02T13:16:27","modified_gmt":"2023-06-02T13:16:27","slug":"baily-024125","status":"publish","type":"product","link":"https:\/\/store.rektor.no\/?product=baily-024125","title":{"rendered":"Baily &#8211; 024125"},"content":{"rendered":"<p>Artikelnummer:024125<\/p>\n","protected":false},"excerpt":{"rendered":"<p>Lett og komfortabel lue med mykt fleece f\u00f4r. Egnet til \u00e5 ha under hjelmen i kaldt v\u00e6r.<\/p>\n","protected":false},"featured_media":8823,"template":"","meta":[],"product_cat":[269,259],"product_tag":[],"_links":{"self":[{"href":"https:\/\/store.rektor.no\/index.php?rest_route=\/wp\/v2\/product\/8822"}],"collection":[{"href":"https:\/\/store.rektor.no\/index.php?rest_route=\/wp\/v2\/product"}],"about":[{"href":"https:\/\/store.rektor.no\/index.php?rest_route=\/wp\/v2\/types\/product"}],"wp:featuredmedia":[{"embeddable":true,"href":"https:\/\/store.rektor.no\/index.php?rest_route=\/wp\/v2\/media\/8823"}],"wp:attachment":[{"href":"https:\/\/store.rektor.no\/index.php?rest_route=%2Fwp%2Fv2%2Fmedia&parent=8822"}],"wp:term":[{"taxonomy":"product_cat","embeddable":true,"href":"https:\/\/store.rektor.no\/index.php?rest_route=%2Fwp%2Fv2%2Fproduct_cat&post=8822"},{"taxonomy":"product_tag","embeddable":true,"href":"https:\/\/store.rektor.no\/index.php?rest_route=%2Fwp%2Fv2%2Fproduct_tag&post=8822"}],"curies":[{"name":"wp","href":"https:\/\/api.w.org\/{rel}","templated":true}]}}