{"id":8810,"date":"2023-05-15T07:52:22","date_gmt":"2023-05-15T07:52:22","guid":{"rendered":"https:\/\/store.rektor.no\/?product=grover-024119"},"modified":"2023-06-02T13:16:25","modified_gmt":"2023-06-02T13:16:25","slug":"grover-024119","status":"publish","type":"product","link":"https:\/\/store.rektor.no\/?product=grover-024119","title":{"rendered":"Grover &#8211; 024119"},"content":{"rendered":"<p>Artikelnummer:024119<\/p>\n","protected":false},"excerpt":{"rendered":"<p>Finstrikket lue med 6-s\u00f8mstopp, samt bomullsf\u00f4r p\u00e5 innsiden. Luen egner seg for innstrikk av tekst eller logo, passer ogs\u00e5 for etikett eller brodering.<\/p>\n","protected":false},"featured_media":8811,"template":"","meta":[],"product_cat":[269,259],"product_tag":[],"_links":{"self":[{"href":"https:\/\/store.rektor.no\/index.php?rest_route=\/wp\/v2\/product\/8810"}],"collection":[{"href":"https:\/\/store.rektor.no\/index.php?rest_route=\/wp\/v2\/product"}],"about":[{"href":"https:\/\/store.rektor.no\/index.php?rest_route=\/wp\/v2\/types\/product"}],"wp:featuredmedia":[{"embeddable":true,"href":"https:\/\/store.rektor.no\/index.php?rest_route=\/wp\/v2\/media\/8811"}],"wp:attachment":[{"href":"https:\/\/store.rektor.no\/index.php?rest_route=%2Fwp%2Fv2%2Fmedia&parent=8810"}],"wp:term":[{"taxonomy":"product_cat","embeddable":true,"href":"https:\/\/store.rektor.no\/index.php?rest_route=%2Fwp%2Fv2%2Fproduct_cat&post=8810"},{"taxonomy":"product_tag","embeddable":true,"href":"https:\/\/store.rektor.no\/index.php?rest_route=%2Fwp%2Fv2%2Fproduct_tag&post=8810"}],"curies":[{"name":"wp","href":"https:\/\/api.w.org\/{rel}","templated":true}]}}