{"id":8701,"date":"2023-05-15T07:51:58","date_gmt":"2023-05-15T07:51:58","guid":{"rendered":"https:\/\/store.rektor.no\/?product=haines-lady-023947"},"modified":"2023-06-02T13:16:18","modified_gmt":"2023-06-02T13:16:18","slug":"haines-lady-023947","status":"publish","type":"product","link":"https:\/\/store.rektor.no\/?product=haines-lady-023947","title":{"rendered":"Haines Lady &#8211; 023947"},"content":{"rendered":"<p>Artikelnummer:023947<\/p>\n","protected":false},"excerpt":{"rendered":"<p>En varm, strikket fleecejakke med felter av softshell. Tre ytterlommer med glidel\u00e5s og to store innerlommer. Elastisk mansjett med tommelhull p\u00e5 innsiden av ermene. Sammenleggbart refleksb\u00e5nd. Hank og avtagbar etikett i nakken.<\/p>\n","protected":false},"featured_media":8702,"template":"","meta":[],"product_cat":[106,148,149,107],"product_tag":[],"_links":{"self":[{"href":"https:\/\/store.rektor.no\/index.php?rest_route=\/wp\/v2\/product\/8701"}],"collection":[{"href":"https:\/\/store.rektor.no\/index.php?rest_route=\/wp\/v2\/product"}],"about":[{"href":"https:\/\/store.rektor.no\/index.php?rest_route=\/wp\/v2\/types\/product"}],"wp:featuredmedia":[{"embeddable":true,"href":"https:\/\/store.rektor.no\/index.php?rest_route=\/wp\/v2\/media\/8702"}],"wp:attachment":[{"href":"https:\/\/store.rektor.no\/index.php?rest_route=%2Fwp%2Fv2%2Fmedia&parent=8701"}],"wp:term":[{"taxonomy":"product_cat","embeddable":true,"href":"https:\/\/store.rektor.no\/index.php?rest_route=%2Fwp%2Fv2%2Fproduct_cat&post=8701"},{"taxonomy":"product_tag","embeddable":true,"href":"https:\/\/store.rektor.no\/index.php?rest_route=%2Fwp%2Fv2%2Fproduct_tag&post=8701"}],"curies":[{"name":"wp","href":"https:\/\/api.w.org\/{rel}","templated":true}]}}