{"id":8669,"date":"2023-05-15T07:51:47","date_gmt":"2023-05-15T07:51:47","guid":{"rendered":"https:\/\/store.rektor.no\/?product=haines-023946"},"modified":"2023-06-02T13:16:14","modified_gmt":"2023-06-02T13:16:14","slug":"haines-023946","status":"publish","type":"product","link":"https:\/\/store.rektor.no\/?product=haines-023946","title":{"rendered":"Haines &#8211; 023946"},"content":{"rendered":"<p>Artikelnummer:023946<\/p>\n","protected":false},"excerpt":{"rendered":"<p>En varm, strikket fleecejakke med felter av softshell. Tre ytterlommer med glidel\u00e5s og to store innerlommer. Elastisk mansjett med tommelhull p\u00e5 innsiden av ermene. Sammenleggbart refleksb\u00e5nd. Hank og avtagbar etikett i nakken.<\/p>\n","protected":false},"featured_media":8670,"template":"","meta":[],"product_cat":[106,148,149,107],"product_tag":[],"_links":{"self":[{"href":"https:\/\/store.rektor.no\/index.php?rest_route=\/wp\/v2\/product\/8669"}],"collection":[{"href":"https:\/\/store.rektor.no\/index.php?rest_route=\/wp\/v2\/product"}],"about":[{"href":"https:\/\/store.rektor.no\/index.php?rest_route=\/wp\/v2\/types\/product"}],"wp:featuredmedia":[{"embeddable":true,"href":"https:\/\/store.rektor.no\/index.php?rest_route=\/wp\/v2\/media\/8670"}],"wp:attachment":[{"href":"https:\/\/store.rektor.no\/index.php?rest_route=%2Fwp%2Fv2%2Fmedia&parent=8669"}],"wp:term":[{"taxonomy":"product_cat","embeddable":true,"href":"https:\/\/store.rektor.no\/index.php?rest_route=%2Fwp%2Fv2%2Fproduct_cat&post=8669"},{"taxonomy":"product_tag","embeddable":true,"href":"https:\/\/store.rektor.no\/index.php?rest_route=%2Fwp%2Fv2%2Fproduct_tag&post=8669"}],"curies":[{"name":"wp","href":"https:\/\/api.w.org\/{rel}","templated":true}]}}