{"id":8634,"date":"2023-05-15T07:51:42","date_gmt":"2023-05-15T07:51:42","guid":{"rendered":"https:\/\/store.rektor.no\/?product=basic-micro-fleece-jacket-ladies-023915"},"modified":"2023-06-02T13:16:08","modified_gmt":"2023-06-02T13:16:08","slug":"basic-micro-fleece-jacket-ladies-023915","status":"publish","type":"product","link":"https:\/\/store.rektor.no\/?product=basic-micro-fleece-jacket-ladies-023915","title":{"rendered":"Basic Micro Fleece Jacket Ladies &#8211; 023915"},"content":{"rendered":"<p>Artikelnummer:023915<\/p>\n","protected":false},"excerpt":{"rendered":"<p>Microfleece jakke med to sidelommer samt to innerlommer. L\u00f8sning til hodetelefoner og SBS glidel\u00e5ser. Perfekt \u00e5 matche med Basic Softshell.<\/p>\n","protected":false},"featured_media":8635,"template":"","meta":[],"product_cat":[106,148,149,107],"product_tag":[],"_links":{"self":[{"href":"https:\/\/store.rektor.no\/index.php?rest_route=\/wp\/v2\/product\/8634"}],"collection":[{"href":"https:\/\/store.rektor.no\/index.php?rest_route=\/wp\/v2\/product"}],"about":[{"href":"https:\/\/store.rektor.no\/index.php?rest_route=\/wp\/v2\/types\/product"}],"wp:featuredmedia":[{"embeddable":true,"href":"https:\/\/store.rektor.no\/index.php?rest_route=\/wp\/v2\/media\/8635"}],"wp:attachment":[{"href":"https:\/\/store.rektor.no\/index.php?rest_route=%2Fwp%2Fv2%2Fmedia&parent=8634"}],"wp:term":[{"taxonomy":"product_cat","embeddable":true,"href":"https:\/\/store.rektor.no\/index.php?rest_route=%2Fwp%2Fv2%2Fproduct_cat&post=8634"},{"taxonomy":"product_tag","embeddable":true,"href":"https:\/\/store.rektor.no\/index.php?rest_route=%2Fwp%2Fv2%2Fproduct_tag&post=8634"}],"curies":[{"name":"wp","href":"https:\/\/api.w.org\/{rel}","templated":true}]}}