{"id":8590,"date":"2023-05-15T07:51:30","date_gmt":"2023-05-15T07:51:30","guid":{"rendered":"https:\/\/store.rektor.no\/?product=basic-micro-fleece-jacket-023914"},"modified":"2023-06-02T13:16:04","modified_gmt":"2023-06-02T13:16:04","slug":"basic-micro-fleece-jacket-023914","status":"publish","type":"product","link":"https:\/\/store.rektor.no\/?product=basic-micro-fleece-jacket-023914","title":{"rendered":"Basic Micro Fleece Jacket &#8211; 023914"},"content":{"rendered":"<p>Artikelnummer:023914<\/p>\n","protected":false},"excerpt":{"rendered":"<p>Microfleece jakke med to sidelommer samt to innerlommer. L\u00f8sning til hodetelefoner og SBS glidel\u00e5ser. Perfekt \u00e5 matche med Basic Softshell.<\/p>\n","protected":false},"featured_media":8591,"template":"","meta":[],"product_cat":[106,148,149,107],"product_tag":[],"_links":{"self":[{"href":"https:\/\/store.rektor.no\/index.php?rest_route=\/wp\/v2\/product\/8590"}],"collection":[{"href":"https:\/\/store.rektor.no\/index.php?rest_route=\/wp\/v2\/product"}],"about":[{"href":"https:\/\/store.rektor.no\/index.php?rest_route=\/wp\/v2\/types\/product"}],"wp:featuredmedia":[{"embeddable":true,"href":"https:\/\/store.rektor.no\/index.php?rest_route=\/wp\/v2\/media\/8591"}],"wp:attachment":[{"href":"https:\/\/store.rektor.no\/index.php?rest_route=%2Fwp%2Fv2%2Fmedia&parent=8590"}],"wp:term":[{"taxonomy":"product_cat","embeddable":true,"href":"https:\/\/store.rektor.no\/index.php?rest_route=%2Fwp%2Fv2%2Fproduct_cat&post=8590"},{"taxonomy":"product_tag","embeddable":true,"href":"https:\/\/store.rektor.no\/index.php?rest_route=%2Fwp%2Fv2%2Fproduct_tag&post=8590"}],"curies":[{"name":"wp","href":"https:\/\/api.w.org\/{rel}","templated":true}]}}