{"id":8554,"date":"2023-05-15T07:51:20","date_gmt":"2023-05-15T07:51:20","guid":{"rendered":"https:\/\/store.rektor.no\/?product=basic-polar-fleece-vest-023902"},"modified":"2023-06-02T13:15:58","modified_gmt":"2023-06-02T13:15:58","slug":"basic-polar-fleece-vest-023902","status":"publish","type":"product","link":"https:\/\/store.rektor.no\/?product=basic-polar-fleece-vest-023902","title":{"rendered":"Basic Polar Fleece Vest &#8211; 023902"},"content":{"rendered":"<p>Artikelnummer:023902<\/p>\n","protected":false},"excerpt":{"rendered":"<p>Polar fleecevest i unisexmodell.  To sidelommer med glidel\u00e5s samt to innerlommer. L\u00f8sning til hodetelefoner og SBS glidel\u00e5ser. Matcher til Basic Softshell programmet.<\/p>\n","protected":false},"featured_media":8555,"template":"","meta":[],"product_cat":[106,252,148,107],"product_tag":[],"_links":{"self":[{"href":"https:\/\/store.rektor.no\/index.php?rest_route=\/wp\/v2\/product\/8554"}],"collection":[{"href":"https:\/\/store.rektor.no\/index.php?rest_route=\/wp\/v2\/product"}],"about":[{"href":"https:\/\/store.rektor.no\/index.php?rest_route=\/wp\/v2\/types\/product"}],"wp:featuredmedia":[{"embeddable":true,"href":"https:\/\/store.rektor.no\/index.php?rest_route=\/wp\/v2\/media\/8555"}],"wp:attachment":[{"href":"https:\/\/store.rektor.no\/index.php?rest_route=%2Fwp%2Fv2%2Fmedia&parent=8554"}],"wp:term":[{"taxonomy":"product_cat","embeddable":true,"href":"https:\/\/store.rektor.no\/index.php?rest_route=%2Fwp%2Fv2%2Fproduct_cat&post=8554"},{"taxonomy":"product_tag","embeddable":true,"href":"https:\/\/store.rektor.no\/index.php?rest_route=%2Fwp%2Fv2%2Fproduct_tag&post=8554"}],"curies":[{"name":"wp","href":"https:\/\/api.w.org\/{rel}","templated":true}]}}