{"id":8518,"date":"2023-05-15T07:51:14","date_gmt":"2023-05-15T07:51:14","guid":{"rendered":"https:\/\/store.rektor.no\/?product=basic-polar-fleece-jacket-023901"},"modified":"2023-06-02T13:15:51","modified_gmt":"2023-06-02T13:15:51","slug":"basic-polar-fleece-jacket-023901","status":"publish","type":"product","link":"https:\/\/store.rektor.no\/?product=basic-polar-fleece-jacket-023901","title":{"rendered":"Basic Polar Fleece Jacket &#8211; 023901"},"content":{"rendered":"<p>Artikelnummer:023901<\/p>\n","protected":false},"excerpt":{"rendered":"<p>Polar fleecejakke i unisexmodell. En noe tykkere modell enn v\u00e5r Microfleece Jacket. To sidelommer med glidel\u00e5s samt to innerlommer. L\u00f8sning til hodetelefoner og SBS glidel\u00e5ser. Matcher til Basic Softshell programmet.<\/p>\n","protected":false},"featured_media":8519,"template":"","meta":[],"product_cat":[106,148,149,107],"product_tag":[],"_links":{"self":[{"href":"https:\/\/store.rektor.no\/index.php?rest_route=\/wp\/v2\/product\/8518"}],"collection":[{"href":"https:\/\/store.rektor.no\/index.php?rest_route=\/wp\/v2\/product"}],"about":[{"href":"https:\/\/store.rektor.no\/index.php?rest_route=\/wp\/v2\/types\/product"}],"wp:featuredmedia":[{"embeddable":true,"href":"https:\/\/store.rektor.no\/index.php?rest_route=\/wp\/v2\/media\/8519"}],"wp:attachment":[{"href":"https:\/\/store.rektor.no\/index.php?rest_route=%2Fwp%2Fv2%2Fmedia&parent=8518"}],"wp:term":[{"taxonomy":"product_cat","embeddable":true,"href":"https:\/\/store.rektor.no\/index.php?rest_route=%2Fwp%2Fv2%2Fproduct_cat&post=8518"},{"taxonomy":"product_tag","embeddable":true,"href":"https:\/\/store.rektor.no\/index.php?rest_route=%2Fwp%2Fv2%2Fproduct_tag&post=8518"}],"curies":[{"name":"wp","href":"https:\/\/api.w.org\/{rel}","templated":true}]}}