{"id":8497,"date":"2023-05-15T07:51:08","date_gmt":"2023-05-15T07:51:08","guid":{"rendered":"https:\/\/store.rektor.no\/?product=kelton-022059"},"modified":"2023-06-02T13:15:47","modified_gmt":"2023-06-02T13:15:47","slug":"kelton-022059","status":"publish","type":"product","link":"https:\/\/store.rektor.no\/?product=kelton-022059","title":{"rendered":"Kelton &#8211; 022059"},"content":{"rendered":"<p>Artikelnummer:022059<\/p>\n","protected":false},"excerpt":{"rendered":"<p>Badeshorts med sn\u00f8ring i midje, myntlomme med glidel\u00e5s, to baklommer og mesh linning p\u00e5 innsiden. Unisex.<\/p>\n","protected":false},"featured_media":8498,"template":"","meta":[],"product_cat":[106,243,123],"product_tag":[],"_links":{"self":[{"href":"https:\/\/store.rektor.no\/index.php?rest_route=\/wp\/v2\/product\/8497"}],"collection":[{"href":"https:\/\/store.rektor.no\/index.php?rest_route=\/wp\/v2\/product"}],"about":[{"href":"https:\/\/store.rektor.no\/index.php?rest_route=\/wp\/v2\/types\/product"}],"wp:featuredmedia":[{"embeddable":true,"href":"https:\/\/store.rektor.no\/index.php?rest_route=\/wp\/v2\/media\/8498"}],"wp:attachment":[{"href":"https:\/\/store.rektor.no\/index.php?rest_route=%2Fwp%2Fv2%2Fmedia&parent=8497"}],"wp:term":[{"taxonomy":"product_cat","embeddable":true,"href":"https:\/\/store.rektor.no\/index.php?rest_route=%2Fwp%2Fv2%2Fproduct_cat&post=8497"},{"taxonomy":"product_tag","embeddable":true,"href":"https:\/\/store.rektor.no\/index.php?rest_route=%2Fwp%2Fv2%2Fproduct_tag&post=8497"}],"curies":[{"name":"wp","href":"https:\/\/api.w.org\/{rel}","templated":true}]}}