{"id":8380,"date":"2023-05-15T07:50:39","date_gmt":"2023-05-15T07:50:39","guid":{"rendered":"https:\/\/store.rektor.no\/?product=basic-active-shorts-022053"},"modified":"2023-06-02T13:15:34","modified_gmt":"2023-06-02T13:15:34","slug":"basic-active-shorts-022053","status":"publish","type":"product","link":"https:\/\/store.rektor.no\/?product=basic-active-shorts-022053","title":{"rendered":"Basic Active Shorts &#8211; 022053"},"content":{"rendered":"<p>Artikelnummer:022053<\/p>\n","protected":false},"excerpt":{"rendered":"<p>Spun dyed kvalitet til basic priser! Unisex shorts laget med interlock-strikket stoff og sides\u00f8mmer. To frontlommer og en myntlomme p\u00e5 innsiden. Strikk og sn\u00f8ring i midjen. Avtagbar etikett.<\/p>\n","protected":false},"featured_media":8381,"template":"","meta":[],"product_cat":[106,243,123],"product_tag":[],"_links":{"self":[{"href":"https:\/\/store.rektor.no\/index.php?rest_route=\/wp\/v2\/product\/8380"}],"collection":[{"href":"https:\/\/store.rektor.no\/index.php?rest_route=\/wp\/v2\/product"}],"about":[{"href":"https:\/\/store.rektor.no\/index.php?rest_route=\/wp\/v2\/types\/product"}],"wp:featuredmedia":[{"embeddable":true,"href":"https:\/\/store.rektor.no\/index.php?rest_route=\/wp\/v2\/media\/8381"}],"wp:attachment":[{"href":"https:\/\/store.rektor.no\/index.php?rest_route=%2Fwp%2Fv2%2Fmedia&parent=8380"}],"wp:term":[{"taxonomy":"product_cat","embeddable":true,"href":"https:\/\/store.rektor.no\/index.php?rest_route=%2Fwp%2Fv2%2Fproduct_cat&post=8380"},{"taxonomy":"product_tag","embeddable":true,"href":"https:\/\/store.rektor.no\/index.php?rest_route=%2Fwp%2Fv2%2Fproduct_tag&post=8380"}],"curies":[{"name":"wp","href":"https:\/\/api.w.org\/{rel}","templated":true}]}}