{"id":8359,"date":"2023-05-15T07:50:33","date_gmt":"2023-05-15T07:50:33","guid":{"rendered":"https:\/\/store.rektor.no\/?product=kenai-lady-022047"},"modified":"2023-06-02T13:15:28","modified_gmt":"2023-06-02T13:15:28","slug":"kenai-lady-022047","status":"publish","type":"product","link":"https:\/\/store.rektor.no\/?product=kenai-lady-022047","title":{"rendered":"Kenai Lady &#8211; 022047"},"content":{"rendered":"<p>Artikelnummer:022047<\/p>\n","protected":false},"excerpt":{"rendered":"<p>En moderne turbukse med behagelig og ventilerende 4-veis stretch. Slitesterkt vind- og vannavst\u00f8tende materiale i strategiske omr\u00e5der. Strikk i midjen og forh\u00e5ndsformede kn\u00e6r som gir forbedret bevegelighet. To frontlommer, to benlommer med glidel\u00e5s og en baklomme. Justerbar benavslutning med strikk og borrel\u00e5s. Mulighet for innsetting av kneputer.<\/p>\n","protected":false},"featured_media":8360,"template":"","meta":[],"product_cat":[106,124,123],"product_tag":[],"_links":{"self":[{"href":"https:\/\/store.rektor.no\/index.php?rest_route=\/wp\/v2\/product\/8359"}],"collection":[{"href":"https:\/\/store.rektor.no\/index.php?rest_route=\/wp\/v2\/product"}],"about":[{"href":"https:\/\/store.rektor.no\/index.php?rest_route=\/wp\/v2\/types\/product"}],"wp:featuredmedia":[{"embeddable":true,"href":"https:\/\/store.rektor.no\/index.php?rest_route=\/wp\/v2\/media\/8360"}],"wp:attachment":[{"href":"https:\/\/store.rektor.no\/index.php?rest_route=%2Fwp%2Fv2%2Fmedia&parent=8359"}],"wp:term":[{"taxonomy":"product_cat","embeddable":true,"href":"https:\/\/store.rektor.no\/index.php?rest_route=%2Fwp%2Fv2%2Fproduct_cat&post=8359"},{"taxonomy":"product_tag","embeddable":true,"href":"https:\/\/store.rektor.no\/index.php?rest_route=%2Fwp%2Fv2%2Fproduct_tag&post=8359"}],"curies":[{"name":"wp","href":"https:\/\/api.w.org\/{rel}","templated":true}]}}