{"id":8335,"date":"2023-05-15T07:50:27","date_gmt":"2023-05-15T07:50:27","guid":{"rendered":"https:\/\/store.rektor.no\/?product=kenai-022046"},"modified":"2023-06-02T13:15:25","modified_gmt":"2023-06-02T13:15:25","slug":"kenai-022046","status":"publish","type":"product","link":"https:\/\/store.rektor.no\/?product=kenai-022046","title":{"rendered":"Kenai &#8211; 022046"},"content":{"rendered":"<p>Artikelnummer:022046<\/p>\n","protected":false},"excerpt":{"rendered":"<p>En moderne turbukse med behagelig og ventilerende 4-veis stretch. Slitesterkt vind- og vannavst\u00f8tende materiale i strategiske omr\u00e5der. Strikk i midjen og forh\u00e5ndsformede kn\u00e6r som gir forbedret bevegelighet. To frontlommer, to benlommer med glidel\u00e5s og en baklomme. Justerbar benavslutning med strikk og borrel\u00e5s. Mulighet for innsetting av kneputer.<\/p>\n","protected":false},"featured_media":8336,"template":"","meta":[],"product_cat":[106,124,123],"product_tag":[],"_links":{"self":[{"href":"https:\/\/store.rektor.no\/index.php?rest_route=\/wp\/v2\/product\/8335"}],"collection":[{"href":"https:\/\/store.rektor.no\/index.php?rest_route=\/wp\/v2\/product"}],"about":[{"href":"https:\/\/store.rektor.no\/index.php?rest_route=\/wp\/v2\/types\/product"}],"wp:featuredmedia":[{"embeddable":true,"href":"https:\/\/store.rektor.no\/index.php?rest_route=\/wp\/v2\/media\/8336"}],"wp:attachment":[{"href":"https:\/\/store.rektor.no\/index.php?rest_route=%2Fwp%2Fv2%2Fmedia&parent=8335"}],"wp:term":[{"taxonomy":"product_cat","embeddable":true,"href":"https:\/\/store.rektor.no\/index.php?rest_route=%2Fwp%2Fv2%2Fproduct_cat&post=8335"},{"taxonomy":"product_tag","embeddable":true,"href":"https:\/\/store.rektor.no\/index.php?rest_route=%2Fwp%2Fv2%2Fproduct_tag&post=8335"}],"curies":[{"name":"wp","href":"https:\/\/api.w.org\/{rel}","templated":true}]}}