{"id":8305,"date":"2023-05-15T07:50:22","date_gmt":"2023-05-15T07:50:22","guid":{"rendered":"https:\/\/store.rektor.no\/?product=cargo-pocket-stretch-022045"},"modified":"2023-06-02T13:15:22","modified_gmt":"2023-06-02T13:15:22","slug":"cargo-pocket-stretch-022045","status":"publish","type":"product","link":"https:\/\/store.rektor.no\/?product=cargo-pocket-stretch-022045","title":{"rendered":"Cargo Pocket Stretch &#8211; 022045"},"content":{"rendered":"<p>Artikelnummer:022045<\/p>\n","protected":false},"excerpt":{"rendered":"<p>En modernisert variant av Cargo Pocket Pant. Buksen passer b\u00e5de til jobb- og fritidsbruk. Den har to store benlommer med klaff og borrel\u00e5s, samt en skjult benlomme med glidel\u00e5s. To tradisjonelle sidelommer og to baklommer med klaff og borrel\u00e5s. Cargo Pocket Stretch er en unisex-bukse med elastisk midje og rette ben.<\/p>\n","protected":false},"featured_media":8306,"template":"","meta":[],"product_cat":[239,106,124,123],"product_tag":[],"_links":{"self":[{"href":"https:\/\/store.rektor.no\/index.php?rest_route=\/wp\/v2\/product\/8305"}],"collection":[{"href":"https:\/\/store.rektor.no\/index.php?rest_route=\/wp\/v2\/product"}],"about":[{"href":"https:\/\/store.rektor.no\/index.php?rest_route=\/wp\/v2\/types\/product"}],"wp:featuredmedia":[{"embeddable":true,"href":"https:\/\/store.rektor.no\/index.php?rest_route=\/wp\/v2\/media\/8306"}],"wp:attachment":[{"href":"https:\/\/store.rektor.no\/index.php?rest_route=%2Fwp%2Fv2%2Fmedia&parent=8305"}],"wp:term":[{"taxonomy":"product_cat","embeddable":true,"href":"https:\/\/store.rektor.no\/index.php?rest_route=%2Fwp%2Fv2%2Fproduct_cat&post=8305"},{"taxonomy":"product_tag","embeddable":true,"href":"https:\/\/store.rektor.no\/index.php?rest_route=%2Fwp%2Fv2%2Fproduct_tag&post=8305"}],"curies":[{"name":"wp","href":"https:\/\/api.w.org\/{rel}","templated":true}]}}