{"id":8244,"date":"2023-05-15T07:50:07","date_gmt":"2023-05-15T07:50:07","guid":{"rendered":"https:\/\/store.rektor.no\/?product=5-pocket-stretch-ladies-022041"},"modified":"2023-06-02T13:15:12","modified_gmt":"2023-06-02T13:15:12","slug":"5-pocket-stretch-ladies-022041","status":"publish","type":"product","link":"https:\/\/store.rektor.no\/?product=5-pocket-stretch-ladies-022041","title":{"rendered":"5-Pocket Stretch Ladies &#8211; 022041"},"content":{"rendered":"<p>Artikelnummer:022041<\/p>\n","protected":false},"excerpt":{"rendered":"<p>Bukse med 5 lommer og stretch. <\/p>\n<p><b>Hovedlager p\u00e5 disse buksene ligger i Italia.<\/b> Lagerstatus derfra er dessverre ikke synlig p\u00e5 v\u00e5r oversikt. Kontakt ordrekontoret p\u00e5 CHAT eller mail hvis dere har sp\u00f8rsm\u00e5l om lagersaldo.<br \/>\n<b>Leveringstid fra Italia er ca. 1-2 uker.<\/b><\/p>\n","protected":false},"featured_media":8245,"template":"","meta":[],"product_cat":[106,124,123],"product_tag":[],"_links":{"self":[{"href":"https:\/\/store.rektor.no\/index.php?rest_route=\/wp\/v2\/product\/8244"}],"collection":[{"href":"https:\/\/store.rektor.no\/index.php?rest_route=\/wp\/v2\/product"}],"about":[{"href":"https:\/\/store.rektor.no\/index.php?rest_route=\/wp\/v2\/types\/product"}],"wp:featuredmedia":[{"embeddable":true,"href":"https:\/\/store.rektor.no\/index.php?rest_route=\/wp\/v2\/media\/8245"}],"wp:attachment":[{"href":"https:\/\/store.rektor.no\/index.php?rest_route=%2Fwp%2Fv2%2Fmedia&parent=8244"}],"wp:term":[{"taxonomy":"product_cat","embeddable":true,"href":"https:\/\/store.rektor.no\/index.php?rest_route=%2Fwp%2Fv2%2Fproduct_cat&post=8244"},{"taxonomy":"product_tag","embeddable":true,"href":"https:\/\/store.rektor.no\/index.php?rest_route=%2Fwp%2Fv2%2Fproduct_tag&post=8244"}],"curies":[{"name":"wp","href":"https:\/\/api.w.org\/{rel}","templated":true}]}}