{"id":8214,"date":"2023-05-15T07:50:02","date_gmt":"2023-05-15T07:50:02","guid":{"rendered":"https:\/\/store.rektor.no\/?product=5-pocket-stretch-022040"},"modified":"2023-06-02T13:15:09","modified_gmt":"2023-06-02T13:15:09","slug":"5-pocket-stretch-022040","status":"publish","type":"product","link":"https:\/\/store.rektor.no\/?product=5-pocket-stretch-022040","title":{"rendered":"5-Pocket Stretch &#8211; 022040"},"content":{"rendered":"<p>Artikelnummer:022040<\/p>\n","protected":false},"excerpt":{"rendered":"<p>Bukse med 5 lommer og stretch. <\/p>\n<p>Hovedlager p\u00e5 disse buksene ligger i Italia. Lagerstatus derfra er dessverre ikke synlig p\u00e5 v\u00e5r oversikt. Kontakt ordrekontoret p\u00e5 CHAT eller mail hvis dere har sp\u00f8rsm\u00e5l om lagersaldo.<br \/>\nLeveringstid fra Italia er ca. 1-2 uker.<\/p>\n","protected":false},"featured_media":8215,"template":"","meta":[],"product_cat":[106,124,123],"product_tag":[],"_links":{"self":[{"href":"https:\/\/store.rektor.no\/index.php?rest_route=\/wp\/v2\/product\/8214"}],"collection":[{"href":"https:\/\/store.rektor.no\/index.php?rest_route=\/wp\/v2\/product"}],"about":[{"href":"https:\/\/store.rektor.no\/index.php?rest_route=\/wp\/v2\/types\/product"}],"wp:featuredmedia":[{"embeddable":true,"href":"https:\/\/store.rektor.no\/index.php?rest_route=\/wp\/v2\/media\/8215"}],"wp:attachment":[{"href":"https:\/\/store.rektor.no\/index.php?rest_route=%2Fwp%2Fv2%2Fmedia&parent=8214"}],"wp:term":[{"taxonomy":"product_cat","embeddable":true,"href":"https:\/\/store.rektor.no\/index.php?rest_route=%2Fwp%2Fv2%2Fproduct_cat&post=8214"},{"taxonomy":"product_tag","embeddable":true,"href":"https:\/\/store.rektor.no\/index.php?rest_route=%2Fwp%2Fv2%2Fproduct_tag&post=8214"}],"curies":[{"name":"wp","href":"https:\/\/api.w.org\/{rel}","templated":true}]}}