{"id":8148,"date":"2023-05-15T07:49:45","date_gmt":"2023-05-15T07:49:45","guid":{"rendered":"https:\/\/store.rektor.no\/?product=ambition-roundneck-hz-021075"},"modified":"2023-06-02T13:14:59","modified_gmt":"2023-06-02T13:14:59","slug":"ambition-roundneck-hz-021075","status":"publish","type":"product","link":"https:\/\/store.rektor.no\/?product=ambition-roundneck-hz-021075","title":{"rendered":"Ambition Roundneck HZ &#8211; 021075"},"content":{"rendered":"<p>Artikelnummer:021075<\/p>\n","protected":false},"excerpt":{"rendered":"<p>Kontrastfarget half-zip genser som gir \u00f8kt synlighet. Genseren har en skjult sidelomme med glidel\u00e5s. Ribb i mansjetter og nederkant. Laget av resirkulert polyester med en nydelig bomullsf\u00f8lelse. Leveres med en lett avtagbar etikett for rebranding.<\/p>\n","protected":false},"featured_media":8149,"template":"","meta":[],"product_cat":[106,179,180],"product_tag":[],"_links":{"self":[{"href":"https:\/\/store.rektor.no\/index.php?rest_route=\/wp\/v2\/product\/8148"}],"collection":[{"href":"https:\/\/store.rektor.no\/index.php?rest_route=\/wp\/v2\/product"}],"about":[{"href":"https:\/\/store.rektor.no\/index.php?rest_route=\/wp\/v2\/types\/product"}],"wp:featuredmedia":[{"embeddable":true,"href":"https:\/\/store.rektor.no\/index.php?rest_route=\/wp\/v2\/media\/8149"}],"wp:attachment":[{"href":"https:\/\/store.rektor.no\/index.php?rest_route=%2Fwp%2Fv2%2Fmedia&parent=8148"}],"wp:term":[{"taxonomy":"product_cat","embeddable":true,"href":"https:\/\/store.rektor.no\/index.php?rest_route=%2Fwp%2Fv2%2Fproduct_cat&post=8148"},{"taxonomy":"product_tag","embeddable":true,"href":"https:\/\/store.rektor.no\/index.php?rest_route=%2Fwp%2Fv2%2Fproduct_tag&post=8148"}],"curies":[{"name":"wp","href":"https:\/\/api.w.org\/{rel}","templated":true}]}}