{"id":8118,"date":"2023-05-15T07:49:31","date_gmt":"2023-05-15T07:49:31","guid":{"rendered":"https:\/\/store.rektor.no\/?product=ambition-roundneck-021074"},"modified":"2023-06-02T13:14:55","modified_gmt":"2023-06-02T13:14:55","slug":"ambition-roundneck-021074","status":"publish","type":"product","link":"https:\/\/store.rektor.no\/?product=ambition-roundneck-021074","title":{"rendered":"Ambition Roundneck &#8211; 021074"},"content":{"rendered":"<p>Artikelnummer:021074<\/p>\n","protected":false},"excerpt":{"rendered":"<p>Kontrastfarget rundhalset genser som gir \u00f8kt synlighet. Genseren har en skjult sidelomme med glidel\u00e5s. Ribb i mansjetter og nederkant. Laget av resirkulert polyester med en nydelig bomullsf\u00f8lelse. Leveres med en lett avtagbar etikett for rebranding.<\/p>\n","protected":false},"featured_media":8119,"template":"","meta":[],"product_cat":[106,179,180],"product_tag":[],"_links":{"self":[{"href":"https:\/\/store.rektor.no\/index.php?rest_route=\/wp\/v2\/product\/8118"}],"collection":[{"href":"https:\/\/store.rektor.no\/index.php?rest_route=\/wp\/v2\/product"}],"about":[{"href":"https:\/\/store.rektor.no\/index.php?rest_route=\/wp\/v2\/types\/product"}],"wp:featuredmedia":[{"embeddable":true,"href":"https:\/\/store.rektor.no\/index.php?rest_route=\/wp\/v2\/media\/8119"}],"wp:attachment":[{"href":"https:\/\/store.rektor.no\/index.php?rest_route=%2Fwp%2Fv2%2Fmedia&parent=8118"}],"wp:term":[{"taxonomy":"product_cat","embeddable":true,"href":"https:\/\/store.rektor.no\/index.php?rest_route=%2Fwp%2Fv2%2Fproduct_cat&post=8118"},{"taxonomy":"product_tag","embeddable":true,"href":"https:\/\/store.rektor.no\/index.php?rest_route=%2Fwp%2Fv2%2Fproduct_tag&post=8118"}],"curies":[{"name":"wp","href":"https:\/\/api.w.org\/{rel}","templated":true}]}}