{"id":8093,"date":"2023-05-15T07:49:23","date_gmt":"2023-05-15T07:49:23","guid":{"rendered":"https:\/\/store.rektor.no\/?product=basic-active-half-zip-junior-021072"},"modified":"2023-06-02T13:14:49","modified_gmt":"2023-06-02T13:14:49","slug":"basic-active-half-zip-junior-021072","status":"publish","type":"product","link":"https:\/\/store.rektor.no\/?product=basic-active-half-zip-junior-021072","title":{"rendered":"Basic Active Half Zip Junior &#8211; 021072"},"content":{"rendered":"<p>Artikelnummer:021072<\/p>\n","protected":false},"excerpt":{"rendered":"<p>Junior spun dyed half-zip cardigan. Ton-i-ton glidel\u00e5s, herringbone nakketeip, ribb p\u00e5 ermeavslutningene, nederkant i hovedmaterialet. Inkluderer en smart \u00f8retelefonl\u00f8sning og en lett avtagbar etikett for rebranding.<\/p>\n","protected":false},"featured_media":8094,"template":"","meta":[],"product_cat":[106,179,180],"product_tag":[],"_links":{"self":[{"href":"https:\/\/store.rektor.no\/index.php?rest_route=\/wp\/v2\/product\/8093"}],"collection":[{"href":"https:\/\/store.rektor.no\/index.php?rest_route=\/wp\/v2\/product"}],"about":[{"href":"https:\/\/store.rektor.no\/index.php?rest_route=\/wp\/v2\/types\/product"}],"wp:featuredmedia":[{"embeddable":true,"href":"https:\/\/store.rektor.no\/index.php?rest_route=\/wp\/v2\/media\/8094"}],"wp:attachment":[{"href":"https:\/\/store.rektor.no\/index.php?rest_route=%2Fwp%2Fv2%2Fmedia&parent=8093"}],"wp:term":[{"taxonomy":"product_cat","embeddable":true,"href":"https:\/\/store.rektor.no\/index.php?rest_route=%2Fwp%2Fv2%2Fproduct_cat&post=8093"},{"taxonomy":"product_tag","embeddable":true,"href":"https:\/\/store.rektor.no\/index.php?rest_route=%2Fwp%2Fv2%2Fproduct_tag&post=8093"}],"curies":[{"name":"wp","href":"https:\/\/api.w.org\/{rel}","templated":true}]}}