{"id":8014,"date":"2023-05-15T07:49:06","date_gmt":"2023-05-15T07:49:06","guid":{"rendered":"https:\/\/store.rektor.no\/?product=odessa-021066"},"modified":"2023-06-02T13:14:39","modified_gmt":"2023-06-02T13:14:39","slug":"odessa-021066","status":"publish","type":"product","link":"https:\/\/store.rektor.no\/?product=odessa-021066","title":{"rendered":"Odessa &#8211; 021066"},"content":{"rendered":"<p>Artikelnummer:021066<\/p>\n","protected":false},"excerpt":{"rendered":"<p>Unisex bukse som matcher Ottawa jakke. Ny moderne passform og design. Elastisk sn\u00f8ring i livet. Glidel\u00e5s p\u00e5 frontlommer, baklommer og nederst p\u00e5 legg.<\/p>\n","protected":false},"featured_media":8015,"template":"","meta":[],"product_cat":[106,124,123],"product_tag":[],"_links":{"self":[{"href":"https:\/\/store.rektor.no\/index.php?rest_route=\/wp\/v2\/product\/8014"}],"collection":[{"href":"https:\/\/store.rektor.no\/index.php?rest_route=\/wp\/v2\/product"}],"about":[{"href":"https:\/\/store.rektor.no\/index.php?rest_route=\/wp\/v2\/types\/product"}],"wp:featuredmedia":[{"embeddable":true,"href":"https:\/\/store.rektor.no\/index.php?rest_route=\/wp\/v2\/media\/8015"}],"wp:attachment":[{"href":"https:\/\/store.rektor.no\/index.php?rest_route=%2Fwp%2Fv2%2Fmedia&parent=8014"}],"wp:term":[{"taxonomy":"product_cat","embeddable":true,"href":"https:\/\/store.rektor.no\/index.php?rest_route=%2Fwp%2Fv2%2Fproduct_cat&post=8014"},{"taxonomy":"product_tag","embeddable":true,"href":"https:\/\/store.rektor.no\/index.php?rest_route=%2Fwp%2Fv2%2Fproduct_tag&post=8014"}],"curies":[{"name":"wp","href":"https:\/\/api.w.org\/{rel}","templated":true}]}}