{"id":7918,"date":"2023-05-15T07:48:43","date_gmt":"2023-05-15T07:48:43","guid":{"rendered":"https:\/\/store.rektor.no\/?product=oakdale-ladies-021063"},"modified":"2023-06-02T13:14:27","modified_gmt":"2023-06-02T13:14:27","slug":"oakdale-ladies-021063","status":"publish","type":"product","link":"https:\/\/store.rektor.no\/?product=oakdale-ladies-021063","title":{"rendered":"Oakdale Ladies &#8211; 021063"},"content":{"rendered":"<p>Artikelnummer:021063<\/p>\n","protected":false},"excerpt":{"rendered":"<p>Funksjonell og sporty hettegenser. Leveres med en kengurulomme og en ekstra skjult lomme med glidel\u00e5s. Hette har meshf\u00f4r og sn\u00f8ring. Elastisk strikk i ermekant. Mansjett i stoffet nederst.<\/p>\n","protected":false},"featured_media":7919,"template":"","meta":[],"product_cat":[106,184,179],"product_tag":[],"_links":{"self":[{"href":"https:\/\/store.rektor.no\/index.php?rest_route=\/wp\/v2\/product\/7918"}],"collection":[{"href":"https:\/\/store.rektor.no\/index.php?rest_route=\/wp\/v2\/product"}],"about":[{"href":"https:\/\/store.rektor.no\/index.php?rest_route=\/wp\/v2\/types\/product"}],"wp:featuredmedia":[{"embeddable":true,"href":"https:\/\/store.rektor.no\/index.php?rest_route=\/wp\/v2\/media\/7919"}],"wp:attachment":[{"href":"https:\/\/store.rektor.no\/index.php?rest_route=%2Fwp%2Fv2%2Fmedia&parent=7918"}],"wp:term":[{"taxonomy":"product_cat","embeddable":true,"href":"https:\/\/store.rektor.no\/index.php?rest_route=%2Fwp%2Fv2%2Fproduct_cat&post=7918"},{"taxonomy":"product_tag","embeddable":true,"href":"https:\/\/store.rektor.no\/index.php?rest_route=%2Fwp%2Fv2%2Fproduct_tag&post=7918"}],"curies":[{"name":"wp","href":"https:\/\/api.w.org\/{rel}","templated":true}]}}