{"id":7865,"date":"2023-05-15T07:48:32","date_gmt":"2023-05-15T07:48:32","guid":{"rendered":"https:\/\/store.rektor.no\/?product=classic-ft-jacket-ladies-021059"},"modified":"2023-06-02T13:14:19","modified_gmt":"2023-06-02T13:14:19","slug":"classic-ft-jacket-ladies-021059","status":"publish","type":"product","link":"https:\/\/store.rektor.no\/?product=classic-ft-jacket-ladies-021059","title":{"rendered":"Classic FT Jacket Ladies &#8211; 021059"},"content":{"rendered":"<p>Artikelnummer:021059<\/p>\n","protected":false},"excerpt":{"rendered":"<p>Sweatshirt cardigan med praktisk l\u00f8sning for mobiltelefon og sidelommer med glidel\u00e5s. Strikkfibret i ermet og nederkant. Flatlock s\u00f8mmer i ton i ton og 2 farget stripet hals.<\/p>\n","protected":false},"featured_media":7866,"template":"","meta":[],"product_cat":[106,179,180],"product_tag":[],"_links":{"self":[{"href":"https:\/\/store.rektor.no\/index.php?rest_route=\/wp\/v2\/product\/7865"}],"collection":[{"href":"https:\/\/store.rektor.no\/index.php?rest_route=\/wp\/v2\/product"}],"about":[{"href":"https:\/\/store.rektor.no\/index.php?rest_route=\/wp\/v2\/types\/product"}],"wp:featuredmedia":[{"embeddable":true,"href":"https:\/\/store.rektor.no\/index.php?rest_route=\/wp\/v2\/media\/7866"}],"wp:attachment":[{"href":"https:\/\/store.rektor.no\/index.php?rest_route=%2Fwp%2Fv2%2Fmedia&parent=7865"}],"wp:term":[{"taxonomy":"product_cat","embeddable":true,"href":"https:\/\/store.rektor.no\/index.php?rest_route=%2Fwp%2Fv2%2Fproduct_cat&post=7865"},{"taxonomy":"product_tag","embeddable":true,"href":"https:\/\/store.rektor.no\/index.php?rest_route=%2Fwp%2Fv2%2Fproduct_tag&post=7865"}],"curies":[{"name":"wp","href":"https:\/\/api.w.org\/{rel}","templated":true}]}}