{"id":7841,"date":"2023-05-15T07:48:26","date_gmt":"2023-05-15T07:48:26","guid":{"rendered":"https:\/\/store.rektor.no\/?product=classic-ft-jacket-021058"},"modified":"2023-06-02T13:14:16","modified_gmt":"2023-06-02T13:14:16","slug":"classic-ft-jacket-021058","status":"publish","type":"product","link":"https:\/\/store.rektor.no\/?product=classic-ft-jacket-021058","title":{"rendered":"Classic FT Jacket &#8211; 021058"},"content":{"rendered":"<p>Artikelnummer:021058<\/p>\n","protected":false},"excerpt":{"rendered":"<p>Sweatshirt cardigan med praktisk l\u00f8sning for mobiltelefon og sidelommer med glidel\u00e5s. Ribb med stretch i ermet og nederkant. Flatlock s\u00f8mmer i ton-i-ton og tofarget stripet nakkeb\u00e5nd.<\/p>\n","protected":false},"featured_media":7842,"template":"","meta":[],"product_cat":[106,179,180],"product_tag":[],"_links":{"self":[{"href":"https:\/\/store.rektor.no\/index.php?rest_route=\/wp\/v2\/product\/7841"}],"collection":[{"href":"https:\/\/store.rektor.no\/index.php?rest_route=\/wp\/v2\/product"}],"about":[{"href":"https:\/\/store.rektor.no\/index.php?rest_route=\/wp\/v2\/types\/product"}],"wp:featuredmedia":[{"embeddable":true,"href":"https:\/\/store.rektor.no\/index.php?rest_route=\/wp\/v2\/media\/7842"}],"wp:attachment":[{"href":"https:\/\/store.rektor.no\/index.php?rest_route=%2Fwp%2Fv2%2Fmedia&parent=7841"}],"wp:term":[{"taxonomy":"product_cat","embeddable":true,"href":"https:\/\/store.rektor.no\/index.php?rest_route=%2Fwp%2Fv2%2Fproduct_cat&post=7841"},{"taxonomy":"product_tag","embeddable":true,"href":"https:\/\/store.rektor.no\/index.php?rest_route=%2Fwp%2Fv2%2Fproduct_tag&post=7841"}],"curies":[{"name":"wp","href":"https:\/\/api.w.org\/{rel}","templated":true}]}}