{"id":7785,"date":"2023-05-15T07:48:09","date_gmt":"2023-05-15T07:48:09","guid":{"rendered":"https:\/\/store.rektor.no\/?product=danville-021054"},"modified":"2023-06-02T13:14:09","modified_gmt":"2023-06-02T13:14:09","slug":"danville-021054","status":"publish","type":"product","link":"https:\/\/store.rektor.no\/?product=danville-021054","title":{"rendered":"Danville &#8211; 021054"},"content":{"rendered":"<p>Artikelnummer:021054<\/p>\n","protected":false},"excerpt":{"rendered":"<p>Funksjonell og sporty hettegenser med lommer i front og elastisk kantb\u00e5nd. Detaljert med flatlocks\u00f8mmer og meshf\u00f4r p\u00e5 innsiden av hetten.<\/p>\n","protected":false},"featured_media":7786,"template":"","meta":[],"product_cat":[106,184,179],"product_tag":[],"_links":{"self":[{"href":"https:\/\/store.rektor.no\/index.php?rest_route=\/wp\/v2\/product\/7785"}],"collection":[{"href":"https:\/\/store.rektor.no\/index.php?rest_route=\/wp\/v2\/product"}],"about":[{"href":"https:\/\/store.rektor.no\/index.php?rest_route=\/wp\/v2\/types\/product"}],"wp:featuredmedia":[{"embeddable":true,"href":"https:\/\/store.rektor.no\/index.php?rest_route=\/wp\/v2\/media\/7786"}],"wp:attachment":[{"href":"https:\/\/store.rektor.no\/index.php?rest_route=%2Fwp%2Fv2%2Fmedia&parent=7785"}],"wp:term":[{"taxonomy":"product_cat","embeddable":true,"href":"https:\/\/store.rektor.no\/index.php?rest_route=%2Fwp%2Fv2%2Fproduct_cat&post=7785"},{"taxonomy":"product_tag","embeddable":true,"href":"https:\/\/store.rektor.no\/index.php?rest_route=%2Fwp%2Fv2%2Fproduct_tag&post=7785"}],"curies":[{"name":"wp","href":"https:\/\/api.w.org\/{rel}","templated":true}]}}