{"id":7697,"date":"2023-05-15T07:47:47","date_gmt":"2023-05-15T07:47:47","guid":{"rendered":"https:\/\/store.rektor.no\/?product=gerry-021051"},"modified":"2023-06-02T13:13:59","modified_gmt":"2023-06-02T13:13:59","slug":"gerry-021051","status":"publish","type":"product","link":"https:\/\/store.rektor.no\/?product=gerry-021051","title":{"rendered":"Gerry &#8211; 021051"},"content":{"rendered":"<p>Artikelnummer:021051<\/p>\n","protected":false},"excerpt":{"rendered":"<p>Sweatshirt jakke med hette til herre, b\u00f8rstet innside og strikket struktur p\u00e5 utsiden. Hette er med f\u00f5r og glidel\u00e5s for dekorasjon. Kontrast farge p\u00e5 innside hette, piping, stripe p\u00e5 ribb og glidel\u00e5s i front.<\/p>\n","protected":false},"featured_media":7698,"template":"","meta":[],"product_cat":[106,179,180],"product_tag":[],"_links":{"self":[{"href":"https:\/\/store.rektor.no\/index.php?rest_route=\/wp\/v2\/product\/7697"}],"collection":[{"href":"https:\/\/store.rektor.no\/index.php?rest_route=\/wp\/v2\/product"}],"about":[{"href":"https:\/\/store.rektor.no\/index.php?rest_route=\/wp\/v2\/types\/product"}],"wp:featuredmedia":[{"embeddable":true,"href":"https:\/\/store.rektor.no\/index.php?rest_route=\/wp\/v2\/media\/7698"}],"wp:attachment":[{"href":"https:\/\/store.rektor.no\/index.php?rest_route=%2Fwp%2Fv2%2Fmedia&parent=7697"}],"wp:term":[{"taxonomy":"product_cat","embeddable":true,"href":"https:\/\/store.rektor.no\/index.php?rest_route=%2Fwp%2Fv2%2Fproduct_cat&post=7697"},{"taxonomy":"product_tag","embeddable":true,"href":"https:\/\/store.rektor.no\/index.php?rest_route=%2Fwp%2Fv2%2Fproduct_tag&post=7697"}],"curies":[{"name":"wp","href":"https:\/\/api.w.org\/{rel}","templated":true}]}}