{"id":7662,"date":"2023-05-15T07:47:41","date_gmt":"2023-05-15T07:47:41","guid":{"rendered":"https:\/\/store.rektor.no\/?product=classic-cardigan-ladies-021049"},"modified":"2023-06-02T13:13:53","modified_gmt":"2023-06-02T13:13:53","slug":"classic-cardigan-ladies-021049","status":"publish","type":"product","link":"https:\/\/store.rektor.no\/?product=classic-cardigan-ladies-021049","title":{"rendered":"Classic Cardigan Ladies &#8211; 021049"},"content":{"rendered":"<p>Artikelnummer:021049<\/p>\n","protected":false},"excerpt":{"rendered":"<p>Cardigan med praktisk l\u00f8sning for hodetelefoner. Sidelommer med glidel\u00e5s. 2&#215;2 stretch rib i ermavslutning og nedekant. Flatlock s\u00f8mer ton i ton.<\/p>\n","protected":false},"featured_media":7663,"template":"","meta":[],"product_cat":[106,179,180],"product_tag":[],"_links":{"self":[{"href":"https:\/\/store.rektor.no\/index.php?rest_route=\/wp\/v2\/product\/7662"}],"collection":[{"href":"https:\/\/store.rektor.no\/index.php?rest_route=\/wp\/v2\/product"}],"about":[{"href":"https:\/\/store.rektor.no\/index.php?rest_route=\/wp\/v2\/types\/product"}],"wp:featuredmedia":[{"embeddable":true,"href":"https:\/\/store.rektor.no\/index.php?rest_route=\/wp\/v2\/media\/7663"}],"wp:attachment":[{"href":"https:\/\/store.rektor.no\/index.php?rest_route=%2Fwp%2Fv2%2Fmedia&parent=7662"}],"wp:term":[{"taxonomy":"product_cat","embeddable":true,"href":"https:\/\/store.rektor.no\/index.php?rest_route=%2Fwp%2Fv2%2Fproduct_cat&post=7662"},{"taxonomy":"product_tag","embeddable":true,"href":"https:\/\/store.rektor.no\/index.php?rest_route=%2Fwp%2Fv2%2Fproduct_tag&post=7662"}],"curies":[{"name":"wp","href":"https:\/\/api.w.org\/{rel}","templated":true}]}}