{"id":7613,"date":"2023-05-15T07:47:31","date_gmt":"2023-05-15T07:47:31","guid":{"rendered":"https:\/\/store.rektor.no\/?product=classic-cardigan-021048"},"modified":"2023-06-02T13:13:49","modified_gmt":"2023-06-02T13:13:49","slug":"classic-cardigan-021048","status":"publish","type":"product","link":"https:\/\/store.rektor.no\/?product=classic-cardigan-021048","title":{"rendered":"Classic Cardigan &#8211; 021048"},"content":{"rendered":"<p>Artikelnummer:021048<\/p>\n","protected":false},"excerpt":{"rendered":"<p>Cardigan med en praktisk l\u00f8sning for hodetelefoner. Sidelommer med glidel\u00e5s. 2&#215;2 ribb i ermavslutning og nedekant. Flatlock s\u00f8mmer ton-i-ton.<\/p>\n","protected":false},"featured_media":7614,"template":"","meta":[],"product_cat":[106,179,180],"product_tag":[],"_links":{"self":[{"href":"https:\/\/store.rektor.no\/index.php?rest_route=\/wp\/v2\/product\/7613"}],"collection":[{"href":"https:\/\/store.rektor.no\/index.php?rest_route=\/wp\/v2\/product"}],"about":[{"href":"https:\/\/store.rektor.no\/index.php?rest_route=\/wp\/v2\/types\/product"}],"wp:featuredmedia":[{"embeddable":true,"href":"https:\/\/store.rektor.no\/index.php?rest_route=\/wp\/v2\/media\/7614"}],"wp:attachment":[{"href":"https:\/\/store.rektor.no\/index.php?rest_route=%2Fwp%2Fv2%2Fmedia&parent=7613"}],"wp:term":[{"taxonomy":"product_cat","embeddable":true,"href":"https:\/\/store.rektor.no\/index.php?rest_route=%2Fwp%2Fv2%2Fproduct_cat&post=7613"},{"taxonomy":"product_tag","embeddable":true,"href":"https:\/\/store.rektor.no\/index.php?rest_route=%2Fwp%2Fv2%2Fproduct_tag&post=7613"}],"curies":[{"name":"wp","href":"https:\/\/api.w.org\/{rel}","templated":true}]}}