{"id":7415,"date":"2023-05-15T07:46:43","date_gmt":"2023-05-15T07:46:43","guid":{"rendered":"https:\/\/store.rektor.no\/?product=classic-half-zip-021043"},"modified":"2023-06-02T13:13:20","modified_gmt":"2023-06-02T13:13:20","slug":"classic-half-zip-021043","status":"publish","type":"product","link":"https:\/\/store.rektor.no\/?product=classic-half-zip-021043","title":{"rendered":"Classic Half Zip &#8211; 021043"},"content":{"rendered":"<p>Artikelnummer:021043<\/p>\n","protected":false},"excerpt":{"rendered":"<p>Unisex half zip genser med b\u00f8rstet innside og ton-i-ton flatlock s\u00f8mmer. Skjult sidelomme med glidel\u00e5s. Tilpasset for hodetelefoner.<\/p>\n","protected":false},"featured_media":7416,"template":"","meta":[],"product_cat":[106,179,180],"product_tag":[],"_links":{"self":[{"href":"https:\/\/store.rektor.no\/index.php?rest_route=\/wp\/v2\/product\/7415"}],"collection":[{"href":"https:\/\/store.rektor.no\/index.php?rest_route=\/wp\/v2\/product"}],"about":[{"href":"https:\/\/store.rektor.no\/index.php?rest_route=\/wp\/v2\/types\/product"}],"wp:featuredmedia":[{"embeddable":true,"href":"https:\/\/store.rektor.no\/index.php?rest_route=\/wp\/v2\/media\/7416"}],"wp:attachment":[{"href":"https:\/\/store.rektor.no\/index.php?rest_route=%2Fwp%2Fv2%2Fmedia&parent=7415"}],"wp:term":[{"taxonomy":"product_cat","embeddable":true,"href":"https:\/\/store.rektor.no\/index.php?rest_route=%2Fwp%2Fv2%2Fproduct_cat&post=7415"},{"taxonomy":"product_tag","embeddable":true,"href":"https:\/\/store.rektor.no\/index.php?rest_route=%2Fwp%2Fv2%2Fproduct_tag&post=7415"}],"curies":[{"name":"wp","href":"https:\/\/api.w.org\/{rel}","templated":true}]}}