{"id":7215,"date":"2023-05-15T07:45:55","date_gmt":"2023-05-15T07:45:55","guid":{"rendered":"https:\/\/store.rektor.no\/?product=classic-roundneck-021040"},"modified":"2023-06-02T13:12:55","modified_gmt":"2023-06-02T13:12:55","slug":"classic-roundneck-021040","status":"publish","type":"product","link":"https:\/\/store.rektor.no\/?product=classic-roundneck-021040","title":{"rendered":"Classic Roundneck &#8211; 021040"},"content":{"rendered":"<p>Artikelnummer:021040<\/p>\n","protected":false},"excerpt":{"rendered":"<p>Rundhalset genser med b\u00f8rstet innside. 2&#215;2 ribb med stretch i nederkant og i ermavslutning. Ton-i-ton flatlocks\u00f8mmer. Skjult sidelomme med glidel\u00e5s.<\/p>\n","protected":false},"featured_media":7216,"template":"","meta":[],"product_cat":[106,179,180],"product_tag":[],"_links":{"self":[{"href":"https:\/\/store.rektor.no\/index.php?rest_route=\/wp\/v2\/product\/7215"}],"collection":[{"href":"https:\/\/store.rektor.no\/index.php?rest_route=\/wp\/v2\/product"}],"about":[{"href":"https:\/\/store.rektor.no\/index.php?rest_route=\/wp\/v2\/types\/product"}],"wp:featuredmedia":[{"embeddable":true,"href":"https:\/\/store.rektor.no\/index.php?rest_route=\/wp\/v2\/media\/7216"}],"wp:attachment":[{"href":"https:\/\/store.rektor.no\/index.php?rest_route=%2Fwp%2Fv2%2Fmedia&parent=7215"}],"wp:term":[{"taxonomy":"product_cat","embeddable":true,"href":"https:\/\/store.rektor.no\/index.php?rest_route=%2Fwp%2Fv2%2Fproduct_cat&post=7215"},{"taxonomy":"product_tag","embeddable":true,"href":"https:\/\/store.rektor.no\/index.php?rest_route=%2Fwp%2Fv2%2Fproduct_tag&post=7215"}],"curies":[{"name":"wp","href":"https:\/\/api.w.org\/{rel}","templated":true}]}}