{"id":7071,"date":"2023-05-15T07:45:25","date_gmt":"2023-05-15T07:45:25","guid":{"rendered":"https:\/\/store.rektor.no\/?product=basic-cardigan-mens-021038"},"modified":"2023-06-02T13:12:35","modified_gmt":"2023-06-02T13:12:35","slug":"basic-cardigan-mens-021038","status":"publish","type":"product","link":"https:\/\/store.rektor.no\/?product=basic-cardigan-mens-021038","title":{"rendered":"Basic Cardigan Mens &#8211; 021038"},"content":{"rendered":"<p>Artikelnummer:021038<\/p>\n","protected":false},"excerpt":{"rendered":"<p>Sweatshirt cardigan til herre med ton-i-ton glidel\u00e5s i front og i lommene. Mykt stabilisert stoff med anti-pilling-finish som egner seg for intensiv vask. Elastisk ribb med dobbelts\u00f8m. Tilpasset for hodetelefoner.Fargene Visibility Yellow og Visibility Orange, samt st\u00f8rrelse 3Xl, 4XL og 5XL har h\u00f8yere pris enn hva som er standard. Se pris ved \u00e5 klikke p\u00e5 \u00f8nsket farge\/st\u00f8rrelse i matrisen.<\/p>\n","protected":false},"featured_media":7072,"template":"","meta":[],"product_cat":[106,179,180],"product_tag":[],"_links":{"self":[{"href":"https:\/\/store.rektor.no\/index.php?rest_route=\/wp\/v2\/product\/7071"}],"collection":[{"href":"https:\/\/store.rektor.no\/index.php?rest_route=\/wp\/v2\/product"}],"about":[{"href":"https:\/\/store.rektor.no\/index.php?rest_route=\/wp\/v2\/types\/product"}],"wp:featuredmedia":[{"embeddable":true,"href":"https:\/\/store.rektor.no\/index.php?rest_route=\/wp\/v2\/media\/7072"}],"wp:attachment":[{"href":"https:\/\/store.rektor.no\/index.php?rest_route=%2Fwp%2Fv2%2Fmedia&parent=7071"}],"wp:term":[{"taxonomy":"product_cat","embeddable":true,"href":"https:\/\/store.rektor.no\/index.php?rest_route=%2Fwp%2Fv2%2Fproduct_cat&post=7071"},{"taxonomy":"product_tag","embeddable":true,"href":"https:\/\/store.rektor.no\/index.php?rest_route=%2Fwp%2Fv2%2Fproduct_tag&post=7071"}],"curies":[{"name":"wp","href":"https:\/\/api.w.org\/{rel}","templated":true}]}}