{"id":6889,"date":"2023-05-15T07:44:43","date_gmt":"2023-05-15T07:44:43","guid":{"rendered":"https:\/\/store.rektor.no\/?product=basic-full-zip-mens-021034"},"modified":"2023-06-02T13:12:08","modified_gmt":"2023-06-02T13:12:08","slug":"basic-full-zip-mens-021034","status":"publish","type":"product","link":"https:\/\/store.rektor.no\/?product=basic-full-zip-mens-021034","title":{"rendered":"Basic Full Zip Mens &#8211; 021034"},"content":{"rendered":"<p>Artikelnummer:021034<\/p>\n","protected":false},"excerpt":{"rendered":"<p>Hettejakke med ton-i-ton glidel\u00e5s, to lommer i front og flatt sn\u00f8re. Mykt stoff som er egnet for intensiv vasking med anti-pilling-finish. Elastisk ribb i ermet og nederkant. Tilpasset for hodetelefoner.Snoren til hetten er avtagbar og kan derfor byttes ut med andre farger. Artikkelnummer p\u00e5 snorer i forskjellige farger er 024200 Drawstring.St\u00f8rrelse 3Xl, 4XL og 5XL har h\u00f8yere pris enn hva som er standard. Se pris ved \u00e5 klikke p\u00e5 \u00f8nsket farge\/st\u00f8rrelse i matrisen.<\/p>\n","protected":false},"featured_media":6890,"template":"","meta":[],"product_cat":[106,179,185],"product_tag":[],"_links":{"self":[{"href":"https:\/\/store.rektor.no\/index.php?rest_route=\/wp\/v2\/product\/6889"}],"collection":[{"href":"https:\/\/store.rektor.no\/index.php?rest_route=\/wp\/v2\/product"}],"about":[{"href":"https:\/\/store.rektor.no\/index.php?rest_route=\/wp\/v2\/types\/product"}],"wp:featuredmedia":[{"embeddable":true,"href":"https:\/\/store.rektor.no\/index.php?rest_route=\/wp\/v2\/media\/6890"}],"wp:attachment":[{"href":"https:\/\/store.rektor.no\/index.php?rest_route=%2Fwp%2Fv2%2Fmedia&parent=6889"}],"wp:term":[{"taxonomy":"product_cat","embeddable":true,"href":"https:\/\/store.rektor.no\/index.php?rest_route=%2Fwp%2Fv2%2Fproduct_cat&post=6889"},{"taxonomy":"product_tag","embeddable":true,"href":"https:\/\/store.rektor.no\/index.php?rest_route=%2Fwp%2Fv2%2Fproduct_tag&post=6889"}],"curies":[{"name":"wp","href":"https:\/\/api.w.org\/{rel}","templated":true}]}}