{"id":682,"date":"2023-05-12T13:03:15","date_gmt":"2023-05-12T13:03:15","guid":{"rendered":"https:\/\/store.rektor.no\/?product=classic-softshell-jacket-0200910"},"modified":"2023-06-02T13:03:57","modified_gmt":"2023-06-02T13:03:57","slug":"classic-softshell-jacket-0200910","status":"publish","type":"product","link":"https:\/\/store.rektor.no\/?product=classic-softshell-jacket-0200910","title":{"rendered":"Classic Softshell Jacket &#8211; 0200910"},"content":{"rendered":"<p>Artikelnummer:0200910<\/p>\n","protected":false},"excerpt":{"rendered":"<p>V\u00e5r 3-lags softshelljakke med resirkulert polyester. Ton-i-ton reversert glidel\u00e5s i front. Tre utvendige lommer og to innerlommer. Elastisk teip i nederkant og p\u00e5 ermeavslutningene. WP 3000 \/ MVP 1000<\/p>\n","protected":false},"featured_media":32,"template":"","meta":[],"product_cat":[106,107,108],"product_tag":[],"_links":{"self":[{"href":"https:\/\/store.rektor.no\/index.php?rest_route=\/wp\/v2\/product\/682"}],"collection":[{"href":"https:\/\/store.rektor.no\/index.php?rest_route=\/wp\/v2\/product"}],"about":[{"href":"https:\/\/store.rektor.no\/index.php?rest_route=\/wp\/v2\/types\/product"}],"wp:featuredmedia":[{"embeddable":true,"href":"https:\/\/store.rektor.no\/index.php?rest_route=\/wp\/v2\/media\/32"}],"wp:attachment":[{"href":"https:\/\/store.rektor.no\/index.php?rest_route=%2Fwp%2Fv2%2Fmedia&parent=682"}],"wp:term":[{"taxonomy":"product_cat","embeddable":true,"href":"https:\/\/store.rektor.no\/index.php?rest_route=%2Fwp%2Fv2%2Fproduct_cat&post=682"},{"taxonomy":"product_tag","embeddable":true,"href":"https:\/\/store.rektor.no\/index.php?rest_route=%2Fwp%2Fv2%2Fproduct_tag&post=682"}],"curies":[{"name":"wp","href":"https:\/\/api.w.org\/{rel}","templated":true}]}}