{"id":6776,"date":"2023-05-15T07:44:19","date_gmt":"2023-05-15T07:44:19","guid":{"rendered":"https:\/\/store.rektor.no\/?product=basic-half-zip-021033"},"modified":"2023-06-02T13:11:58","modified_gmt":"2023-06-02T13:11:58","slug":"basic-half-zip-021033","status":"publish","type":"product","link":"https:\/\/store.rektor.no\/?product=basic-half-zip-021033","title":{"rendered":"Basic Half Zip &#8211; 021033"},"content":{"rendered":"<p>Artikelnummer:021033<\/p>\n","protected":false},"excerpt":{"rendered":"<p>Sweatshirt i unisexmodell med kort antistatisk plastglidel\u00e5s i metall-look. Ribb i mansjett og nederkant.Fargene Visibility Yellow og Visibility Orange, samt st\u00f8rrelse 3Xl, 4XL og 5XL har h\u00f8yere pris enn hva som er standard. Se pris ved \u00e5 klikke p\u00e5 \u00f8nsket farge\/st\u00f8rrelse i matrisen.<\/p>\n","protected":false},"featured_media":6777,"template":"","meta":[],"product_cat":[106,179,180],"product_tag":[],"_links":{"self":[{"href":"https:\/\/store.rektor.no\/index.php?rest_route=\/wp\/v2\/product\/6776"}],"collection":[{"href":"https:\/\/store.rektor.no\/index.php?rest_route=\/wp\/v2\/product"}],"about":[{"href":"https:\/\/store.rektor.no\/index.php?rest_route=\/wp\/v2\/types\/product"}],"wp:featuredmedia":[{"embeddable":true,"href":"https:\/\/store.rektor.no\/index.php?rest_route=\/wp\/v2\/media\/6777"}],"wp:attachment":[{"href":"https:\/\/store.rektor.no\/index.php?rest_route=%2Fwp%2Fv2%2Fmedia&parent=6776"}],"wp:term":[{"taxonomy":"product_cat","embeddable":true,"href":"https:\/\/store.rektor.no\/index.php?rest_route=%2Fwp%2Fv2%2Fproduct_cat&post=6776"},{"taxonomy":"product_tag","embeddable":true,"href":"https:\/\/store.rektor.no\/index.php?rest_route=%2Fwp%2Fv2%2Fproduct_tag&post=6776"}],"curies":[{"name":"wp","href":"https:\/\/api.w.org\/{rel}","templated":true}]}}