{"id":669,"date":"2023-05-12T13:03:11","date_gmt":"2023-05-12T13:03:11","guid":{"rendered":"https:\/\/store.rektor.no\/?product=classic-softshell-jacket-junior-0200909"},"modified":"2023-06-02T13:03:48","modified_gmt":"2023-06-02T13:03:48","slug":"classic-softshell-jacket-junior-0200909","status":"publish","type":"product","link":"https:\/\/store.rektor.no\/?product=classic-softshell-jacket-junior-0200909","title":{"rendered":"Classic Softshell Jacket Junior &#8211; 0200909"},"content":{"rendered":"<p>Artikelnummer:0200909<\/p>\n","protected":false},"excerpt":{"rendered":"<p>V\u00e5r 3-lags softshelljakke med barnesikker hette. Laget av resirkulert polyester. Ton-i-ton reversert glidel\u00e5s i front, tre utvendige lommer og to innerlommer. Barnesikker avtakbar hette. Elastisk teip i nederkant og p\u00e5 ermeavslutningene. WP 3000 \/ MVP 1000<\/p>\n","protected":false},"featured_media":27,"template":"","meta":[],"product_cat":[106,107,108],"product_tag":[],"_links":{"self":[{"href":"https:\/\/store.rektor.no\/index.php?rest_route=\/wp\/v2\/product\/669"}],"collection":[{"href":"https:\/\/store.rektor.no\/index.php?rest_route=\/wp\/v2\/product"}],"about":[{"href":"https:\/\/store.rektor.no\/index.php?rest_route=\/wp\/v2\/types\/product"}],"wp:featuredmedia":[{"embeddable":true,"href":"https:\/\/store.rektor.no\/index.php?rest_route=\/wp\/v2\/media\/27"}],"wp:attachment":[{"href":"https:\/\/store.rektor.no\/index.php?rest_route=%2Fwp%2Fv2%2Fmedia&parent=669"}],"wp:term":[{"taxonomy":"product_cat","embeddable":true,"href":"https:\/\/store.rektor.no\/index.php?rest_route=%2Fwp%2Fv2%2Fproduct_cat&post=669"},{"taxonomy":"product_tag","embeddable":true,"href":"https:\/\/store.rektor.no\/index.php?rest_route=%2Fwp%2Fv2%2Fproduct_tag&post=669"}],"curies":[{"name":"wp","href":"https:\/\/api.w.org\/{rel}","templated":true}]}}