{"id":6536,"date":"2023-05-15T07:43:23","date_gmt":"2023-05-15T07:43:23","guid":{"rendered":"https:\/\/store.rektor.no\/?product=basic-hoody-021031"},"modified":"2023-09-20T08:43:32","modified_gmt":"2023-09-20T08:43:32","slug":"basic-hoody-021031","status":"publish","type":"product","link":"https:\/\/store.rektor.no\/?product=basic-hoody-021031","title":{"rendered":"Basic Hoody &#8211; 021031"},"content":{"rendered":"<p>Artikelnummer:021031<\/p>\n","protected":false},"excerpt":{"rendered":"<p>Hettegenser i unisexmodell. Basic Hoody har ribb i mansjett og nederkant, b\u00f8rstet innside og snor i hetten. Kengurulomme med praktisk l\u00f8sning for mobiltelefon.. Snoren til hetten er avtagbar og kan derfor byttes ut med andre farger. Artikkelnummer p\u00e5 snorer i forskjellige farger er 024200 Drawstring. Fargene Visibility Yellow og Visibility Orange, samt st\u00f8rrelse 3Xl, 4XL og 5XL har h\u00f8yere pris enn hva som er standard. Se pris ved \u00e5 klikke p\u00e5 \u00f8nsket farge\/st\u00f8rrelse i matrisen.<\/p>\n","protected":false},"featured_media":6537,"template":"","meta":[],"product_cat":[106,184,179],"product_tag":[],"_links":{"self":[{"href":"https:\/\/store.rektor.no\/index.php?rest_route=\/wp\/v2\/product\/6536"}],"collection":[{"href":"https:\/\/store.rektor.no\/index.php?rest_route=\/wp\/v2\/product"}],"about":[{"href":"https:\/\/store.rektor.no\/index.php?rest_route=\/wp\/v2\/types\/product"}],"wp:featuredmedia":[{"embeddable":true,"href":"https:\/\/store.rektor.no\/index.php?rest_route=\/wp\/v2\/media\/6537"}],"wp:attachment":[{"href":"https:\/\/store.rektor.no\/index.php?rest_route=%2Fwp%2Fv2%2Fmedia&parent=6536"}],"wp:term":[{"taxonomy":"product_cat","embeddable":true,"href":"https:\/\/store.rektor.no\/index.php?rest_route=%2Fwp%2Fv2%2Fproduct_cat&post=6536"},{"taxonomy":"product_tag","embeddable":true,"href":"https:\/\/store.rektor.no\/index.php?rest_route=%2Fwp%2Fv2%2Fproduct_tag&post=6536"}],"curies":[{"name":"wp","href":"https:\/\/api.w.org\/{rel}","templated":true}]}}