{"id":6343,"date":"2023-05-15T07:42:41","date_gmt":"2023-05-15T07:42:41","guid":{"rendered":"https:\/\/store.rektor.no\/?product=basic-roundneck-021030"},"modified":"2023-06-02T13:11:06","modified_gmt":"2023-06-02T13:11:06","slug":"basic-roundneck-021030","status":"publish","type":"product","link":"https:\/\/store.rektor.no\/?product=basic-roundneck-021030","title":{"rendered":"Basic Roundneck &#8211; 021030"},"content":{"rendered":"<p>Artikelnummer:021030<\/p>\n","protected":false},"excerpt":{"rendered":"<p>Rundhalset genser i unisex-modell. B\u00f8rstet innside. Ribb i mansjett og nederkant.Fargene Visibility Yellow og Visibility Orange, samt st\u00f8rrelse 3Xl, 4XL og 5XL har h\u00f8yere pris enn hva som er standard. Se pris ved \u00e5 klikke p\u00e5 \u00f8nsket farge\/st\u00f8rrelse i matrisen. <\/p>\n<p>Genserne er pakket enkeltvis i plast.<\/p>\n","protected":false},"featured_media":6344,"template":"","meta":[],"product_cat":[106,179,180],"product_tag":[],"_links":{"self":[{"href":"https:\/\/store.rektor.no\/index.php?rest_route=\/wp\/v2\/product\/6343"}],"collection":[{"href":"https:\/\/store.rektor.no\/index.php?rest_route=\/wp\/v2\/product"}],"about":[{"href":"https:\/\/store.rektor.no\/index.php?rest_route=\/wp\/v2\/types\/product"}],"wp:featuredmedia":[{"embeddable":true,"href":"https:\/\/store.rektor.no\/index.php?rest_route=\/wp\/v2\/media\/6344"}],"wp:attachment":[{"href":"https:\/\/store.rektor.no\/index.php?rest_route=%2Fwp%2Fv2%2Fmedia&parent=6343"}],"wp:term":[{"taxonomy":"product_cat","embeddable":true,"href":"https:\/\/store.rektor.no\/index.php?rest_route=%2Fwp%2Fv2%2Fproduct_cat&post=6343"},{"taxonomy":"product_tag","embeddable":true,"href":"https:\/\/store.rektor.no\/index.php?rest_route=%2Fwp%2Fv2%2Fproduct_tag&post=6343"}],"curies":[{"name":"wp","href":"https:\/\/api.w.org\/{rel}","templated":true}]}}