{"id":6303,"date":"2023-05-15T07:42:30","date_gmt":"2023-05-15T07:42:30","guid":{"rendered":"https:\/\/store.rektor.no\/?product=basic-cardigan-jr-021028"},"modified":"2023-06-02T13:10:38","modified_gmt":"2023-06-02T13:10:38","slug":"basic-cardigan-jr-021028","status":"publish","type":"product","link":"https:\/\/store.rektor.no\/?product=basic-cardigan-jr-021028","title":{"rendered":"Basic Cardigan JR &#8211; 021028"},"content":{"rendered":"<p>Artikelnummer:021028<\/p>\n","protected":false},"excerpt":{"rendered":"<p>Sweatshirt cardigan i juniormodell med glidel\u00e5s i front. Ribb i mansjett og nederkant. Tilpasset for hodetelefoner. Produktet er barnesikkert. Fargene Visibility Yellow og Visibility Orange har h\u00f8yere pris enn hva som er standard. Se pris ved \u00e5 klikke p\u00e5 \u00f8nsket farge\/st\u00f8rrelse i matrisen.<\/p>\n","protected":false},"featured_media":6304,"template":"","meta":[],"product_cat":[106,179,180],"product_tag":[],"_links":{"self":[{"href":"https:\/\/store.rektor.no\/index.php?rest_route=\/wp\/v2\/product\/6303"}],"collection":[{"href":"https:\/\/store.rektor.no\/index.php?rest_route=\/wp\/v2\/product"}],"about":[{"href":"https:\/\/store.rektor.no\/index.php?rest_route=\/wp\/v2\/types\/product"}],"wp:featuredmedia":[{"embeddable":true,"href":"https:\/\/store.rektor.no\/index.php?rest_route=\/wp\/v2\/media\/6304"}],"wp:attachment":[{"href":"https:\/\/store.rektor.no\/index.php?rest_route=%2Fwp%2Fv2%2Fmedia&parent=6303"}],"wp:term":[{"taxonomy":"product_cat","embeddable":true,"href":"https:\/\/store.rektor.no\/index.php?rest_route=%2Fwp%2Fv2%2Fproduct_cat&post=6303"},{"taxonomy":"product_tag","embeddable":true,"href":"https:\/\/store.rektor.no\/index.php?rest_route=%2Fwp%2Fv2%2Fproduct_tag&post=6303"}],"curies":[{"name":"wp","href":"https:\/\/api.w.org\/{rel}","templated":true}]}}