{"id":6257,"date":"2023-05-15T07:42:18","date_gmt":"2023-05-15T07:42:18","guid":{"rendered":"https:\/\/store.rektor.no\/?product=hayden-lady-021025"},"modified":"2023-06-02T13:10:29","modified_gmt":"2023-06-02T13:10:29","slug":"hayden-lady-021025","status":"publish","type":"product","link":"https:\/\/store.rektor.no\/?product=hayden-lady-021025","title":{"rendered":"Hayden Lady &#8211; 021025"},"content":{"rendered":"<p>Artikelnummer:021025<\/p>\n","protected":false},"excerpt":{"rendered":"<p>En hettejakke i et mykt Air Lyer-materiale. Hettejakken har to innerlommer og to skjulte sidelommer med glidel\u00e5s. Mansjetter i skallstoff, nederkant med elastisk tape. L\u00e5sbar sn\u00f8ring til den justerbare hetten. Polyesteren som er brukt i hettejakken er resirkulert. Lett avtagbar etikett for rebranding.<\/p>\n","protected":false},"featured_media":6258,"template":"","meta":[],"product_cat":[106,179,185],"product_tag":[],"_links":{"self":[{"href":"https:\/\/store.rektor.no\/index.php?rest_route=\/wp\/v2\/product\/6257"}],"collection":[{"href":"https:\/\/store.rektor.no\/index.php?rest_route=\/wp\/v2\/product"}],"about":[{"href":"https:\/\/store.rektor.no\/index.php?rest_route=\/wp\/v2\/types\/product"}],"wp:featuredmedia":[{"embeddable":true,"href":"https:\/\/store.rektor.no\/index.php?rest_route=\/wp\/v2\/media\/6258"}],"wp:attachment":[{"href":"https:\/\/store.rektor.no\/index.php?rest_route=%2Fwp%2Fv2%2Fmedia&parent=6257"}],"wp:term":[{"taxonomy":"product_cat","embeddable":true,"href":"https:\/\/store.rektor.no\/index.php?rest_route=%2Fwp%2Fv2%2Fproduct_cat&post=6257"},{"taxonomy":"product_tag","embeddable":true,"href":"https:\/\/store.rektor.no\/index.php?rest_route=%2Fwp%2Fv2%2Fproduct_tag&post=6257"}],"curies":[{"name":"wp","href":"https:\/\/api.w.org\/{rel}","templated":true}]}}