{"id":6213,"date":"2023-05-15T07:42:08","date_gmt":"2023-05-15T07:42:08","guid":{"rendered":"https:\/\/store.rektor.no\/?product=hobart-lady-021023-2"},"modified":"2023-05-15T07:42:17","modified_gmt":"2023-05-15T07:42:17","slug":"hobart-lady-021023-2","status":"publish","type":"product","link":"https:\/\/store.rektor.no\/?product=hobart-lady-021023-2","title":{"rendered":"Hobart Lady &#8211; 021023"},"content":{"rendered":"<p>Artikelnummer:021023<\/p>\n","protected":false},"excerpt":{"rendered":"<p>En h\u00f8yhalset genser i et mykt Air Lyer-materiale. Genseren har to skjulte sidelommer med glidel\u00e5s, og sn\u00f8ring i halsen. Mansjetter og nederkant i skallmateriale. Polyesteren som er brukt i genseren er resirkulert. Lett avtagbar etikett for rebranding.<\/p>\n","protected":false},"featured_media":3613,"template":"","meta":[],"product_cat":[106,179,180],"product_tag":[],"_links":{"self":[{"href":"https:\/\/store.rektor.no\/index.php?rest_route=\/wp\/v2\/product\/6213"}],"collection":[{"href":"https:\/\/store.rektor.no\/index.php?rest_route=\/wp\/v2\/product"}],"about":[{"href":"https:\/\/store.rektor.no\/index.php?rest_route=\/wp\/v2\/types\/product"}],"wp:featuredmedia":[{"embeddable":true,"href":"https:\/\/store.rektor.no\/index.php?rest_route=\/wp\/v2\/media\/3613"}],"wp:attachment":[{"href":"https:\/\/store.rektor.no\/index.php?rest_route=%2Fwp%2Fv2%2Fmedia&parent=6213"}],"wp:term":[{"taxonomy":"product_cat","embeddable":true,"href":"https:\/\/store.rektor.no\/index.php?rest_route=%2Fwp%2Fv2%2Fproduct_cat&post=6213"},{"taxonomy":"product_tag","embeddable":true,"href":"https:\/\/store.rektor.no\/index.php?rest_route=%2Fwp%2Fv2%2Fproduct_tag&post=6213"}],"curies":[{"name":"wp","href":"https:\/\/api.w.org\/{rel}","templated":true}]}}