{"id":6103,"date":"2023-05-15T07:41:45","date_gmt":"2023-05-15T07:41:45","guid":{"rendered":"https:\/\/store.rektor.no\/?product=harper-021019-2"},"modified":"2023-05-15T07:41:53","modified_gmt":"2023-05-15T07:41:53","slug":"harper-021019-2","status":"publish","type":"product","link":"https:\/\/store.rektor.no\/?product=harper-021019-2","title":{"rendered":"Harper &#8211; 021019"},"content":{"rendered":"<p>Artikelnummer:021019<\/p>\n","protected":false},"excerpt":{"rendered":"<p>Hettejakke med f\u00f4r i hetten. Kengurulomme og en skjult lomme i sides\u00f8mmen. Raglanermer og 2&#215;2 elastan ribb i sidepaneler, mansjetter og bunnstykket. Nakkeb\u00e5nd med fiskebensm\u00f8nster og flate snorer. L\u00f8sning for hodetelefoner.<\/p>\n","protected":false},"featured_media":3480,"template":"","meta":[],"product_cat":[106,179,185],"product_tag":[],"_links":{"self":[{"href":"https:\/\/store.rektor.no\/index.php?rest_route=\/wp\/v2\/product\/6103"}],"collection":[{"href":"https:\/\/store.rektor.no\/index.php?rest_route=\/wp\/v2\/product"}],"about":[{"href":"https:\/\/store.rektor.no\/index.php?rest_route=\/wp\/v2\/types\/product"}],"wp:featuredmedia":[{"embeddable":true,"href":"https:\/\/store.rektor.no\/index.php?rest_route=\/wp\/v2\/media\/3480"}],"wp:attachment":[{"href":"https:\/\/store.rektor.no\/index.php?rest_route=%2Fwp%2Fv2%2Fmedia&parent=6103"}],"wp:term":[{"taxonomy":"product_cat","embeddable":true,"href":"https:\/\/store.rektor.no\/index.php?rest_route=%2Fwp%2Fv2%2Fproduct_cat&post=6103"},{"taxonomy":"product_tag","embeddable":true,"href":"https:\/\/store.rektor.no\/index.php?rest_route=%2Fwp%2Fv2%2Fproduct_tag&post=6103"}],"curies":[{"name":"wp","href":"https:\/\/api.w.org\/{rel}","templated":true}]}}