{"id":5982,"date":"2023-05-15T07:41:18","date_gmt":"2023-05-15T07:41:18","guid":{"rendered":"https:\/\/store.rektor.no\/?product=basic-active-hoody-fz-ladies-021015-2"},"modified":"2023-05-15T07:41:30","modified_gmt":"2023-05-15T07:41:30","slug":"basic-active-hoody-fz-ladies-021015-2","status":"publish","type":"product","link":"https:\/\/store.rektor.no\/?product=basic-active-hoody-fz-ladies-021015-2","title":{"rendered":"Basic Active Hoody FZ Ladies &#8211; 021015"},"content":{"rendered":"<p>Artikelnummer:021015<\/p>\n","protected":false},"excerpt":{"rendered":"<p>Hettejakke med ton-i-ton glidel\u00e5s. To sidelommer med glidel\u00e5s og en glidel\u00e5slomme p\u00e5 ermet. Snor i hette, herringbone nakkeb\u00e5nd og ribb i nedekant og i ermavslutning. Tilpasset for hodetelefoner. Spun dyed. Avtagbar etikett i nakken.<\/p>\n","protected":false},"featured_media":3342,"template":"","meta":[],"product_cat":[106,179,185],"product_tag":[],"_links":{"self":[{"href":"https:\/\/store.rektor.no\/index.php?rest_route=\/wp\/v2\/product\/5982"}],"collection":[{"href":"https:\/\/store.rektor.no\/index.php?rest_route=\/wp\/v2\/product"}],"about":[{"href":"https:\/\/store.rektor.no\/index.php?rest_route=\/wp\/v2\/types\/product"}],"wp:featuredmedia":[{"embeddable":true,"href":"https:\/\/store.rektor.no\/index.php?rest_route=\/wp\/v2\/media\/3342"}],"wp:attachment":[{"href":"https:\/\/store.rektor.no\/index.php?rest_route=%2Fwp%2Fv2%2Fmedia&parent=5982"}],"wp:term":[{"taxonomy":"product_cat","embeddable":true,"href":"https:\/\/store.rektor.no\/index.php?rest_route=%2Fwp%2Fv2%2Fproduct_cat&post=5982"},{"taxonomy":"product_tag","embeddable":true,"href":"https:\/\/store.rektor.no\/index.php?rest_route=%2Fwp%2Fv2%2Fproduct_tag&post=5982"}],"curies":[{"name":"wp","href":"https:\/\/api.w.org\/{rel}","templated":true}]}}