{"id":5748,"date":"2023-05-15T07:40:25","date_gmt":"2023-05-15T07:40:25","guid":{"rendered":"https:\/\/store.rektor.no\/?product=premium-oc-pants-021008-2"},"modified":"2023-05-15T07:40:32","modified_gmt":"2023-05-15T07:40:32","slug":"premium-oc-pants-021008-2","status":"publish","type":"product","link":"https:\/\/store.rektor.no\/?product=premium-oc-pants-021008-2","title":{"rendered":"Premium OC Pants &#8211; 021008"},"content":{"rendered":"<p>Artikelnummer:021008<\/p>\n","protected":false},"excerpt":{"rendered":"<p>V\u00e5r fineste sweatpant i en \u00f8kologisk bomull og resirkulert polyesterblanding. Litt bredere kant i livet og i nedekant gir b\u00e5de en god f\u00f8lelse og et moderne utseende. Snor i midjen med metallende. CVC French Terry. Elastisk ribb 1&#215;1.<\/p>\n","protected":false},"featured_media":3078,"template":"","meta":[],"product_cat":[106,124,123,186],"product_tag":[],"_links":{"self":[{"href":"https:\/\/store.rektor.no\/index.php?rest_route=\/wp\/v2\/product\/5748"}],"collection":[{"href":"https:\/\/store.rektor.no\/index.php?rest_route=\/wp\/v2\/product"}],"about":[{"href":"https:\/\/store.rektor.no\/index.php?rest_route=\/wp\/v2\/types\/product"}],"wp:featuredmedia":[{"embeddable":true,"href":"https:\/\/store.rektor.no\/index.php?rest_route=\/wp\/v2\/media\/3078"}],"wp:attachment":[{"href":"https:\/\/store.rektor.no\/index.php?rest_route=%2Fwp%2Fv2%2Fmedia&parent=5748"}],"wp:term":[{"taxonomy":"product_cat","embeddable":true,"href":"https:\/\/store.rektor.no\/index.php?rest_route=%2Fwp%2Fv2%2Fproduct_cat&post=5748"},{"taxonomy":"product_tag","embeddable":true,"href":"https:\/\/store.rektor.no\/index.php?rest_route=%2Fwp%2Fv2%2Fproduct_tag&post=5748"}],"curies":[{"name":"wp","href":"https:\/\/api.w.org\/{rel}","templated":true}]}}