{"id":5718,"date":"2023-05-15T07:40:20","date_gmt":"2023-05-15T07:40:20","guid":{"rendered":"https:\/\/store.rektor.no\/?product=premium-oc-cardigan-ladies-021007-2"},"modified":"2023-05-15T07:40:28","modified_gmt":"2023-05-15T07:40:28","slug":"premium-oc-cardigan-ladies-021007-2","status":"publish","type":"product","link":"https:\/\/store.rektor.no\/?product=premium-oc-cardigan-ladies-021007-2","title":{"rendered":"Premium OC Cardigan Ladies &#8211; 021007"},"content":{"rendered":"<p>Artikelnummer:021007<\/p>\n","protected":false},"excerpt":{"rendered":"<p>V\u00e5r fineste full zip cardigan til dame i en \u00f8kologisk bomull og resirkulert polyesterblanding. To lommer i front med YKK &#8211; glidel\u00e5s. Dekorative flatlocks\u00f8mmer for et moderne utseende.  CVC french terry, herringbone nakkeb\u00e5nd og ribb i nedekant og ermavslutning. Elastisk ribb i 1&#215;1. Tilpasset for hodetelefoner.<\/p>\n","protected":false},"featured_media":3043,"template":"","meta":[],"product_cat":[106,179,180],"product_tag":[],"_links":{"self":[{"href":"https:\/\/store.rektor.no\/index.php?rest_route=\/wp\/v2\/product\/5718"}],"collection":[{"href":"https:\/\/store.rektor.no\/index.php?rest_route=\/wp\/v2\/product"}],"about":[{"href":"https:\/\/store.rektor.no\/index.php?rest_route=\/wp\/v2\/types\/product"}],"wp:featuredmedia":[{"embeddable":true,"href":"https:\/\/store.rektor.no\/index.php?rest_route=\/wp\/v2\/media\/3043"}],"wp:attachment":[{"href":"https:\/\/store.rektor.no\/index.php?rest_route=%2Fwp%2Fv2%2Fmedia&parent=5718"}],"wp:term":[{"taxonomy":"product_cat","embeddable":true,"href":"https:\/\/store.rektor.no\/index.php?rest_route=%2Fwp%2Fv2%2Fproduct_cat&post=5718"},{"taxonomy":"product_tag","embeddable":true,"href":"https:\/\/store.rektor.no\/index.php?rest_route=%2Fwp%2Fv2%2Fproduct_tag&post=5718"}],"curies":[{"name":"wp","href":"https:\/\/api.w.org\/{rel}","templated":true}]}}