{"id":5544,"date":"2023-05-15T07:39:38","date_gmt":"2023-05-15T07:39:38","guid":{"rendered":"https:\/\/store.rektor.no\/?product=premium-oc-hoody-021002-2"},"modified":"2023-05-15T07:39:51","modified_gmt":"2023-05-15T07:39:51","slug":"premium-oc-hoody-021002-2","status":"publish","type":"product","link":"https:\/\/store.rektor.no\/?product=premium-oc-hoody-021002-2","title":{"rendered":"Premium OC Hoody &#8211; 021002"},"content":{"rendered":"<p>Artikelnummer:021002<\/p>\n","protected":false},"excerpt":{"rendered":"<p>V\u00e5r fineste hettegenser i en \u00f8kologisk bomull og resirkulert polyesterblanding. To lommer i front med YKK-glidel\u00e5s. Snor i hette med metallavslutning og dekorative flatlocks\u00f8mmer som gir et moderne utseende.  CVC french terry, herringbone nakkeb\u00e5nd og ribb i nedekant og ermavslutning. Elastisk ribb i 1&#215;1. Tilpasset for hodetelefoner.<\/p>\n","protected":false},"featured_media":2844,"template":"","meta":[],"product_cat":[106,184,179],"product_tag":[],"_links":{"self":[{"href":"https:\/\/store.rektor.no\/index.php?rest_route=\/wp\/v2\/product\/5544"}],"collection":[{"href":"https:\/\/store.rektor.no\/index.php?rest_route=\/wp\/v2\/product"}],"about":[{"href":"https:\/\/store.rektor.no\/index.php?rest_route=\/wp\/v2\/types\/product"}],"wp:featuredmedia":[{"embeddable":true,"href":"https:\/\/store.rektor.no\/index.php?rest_route=\/wp\/v2\/media\/2844"}],"wp:attachment":[{"href":"https:\/\/store.rektor.no\/index.php?rest_route=%2Fwp%2Fv2%2Fmedia&parent=5544"}],"wp:term":[{"taxonomy":"product_cat","embeddable":true,"href":"https:\/\/store.rektor.no\/index.php?rest_route=%2Fwp%2Fv2%2Fproduct_cat&post=5544"},{"taxonomy":"product_tag","embeddable":true,"href":"https:\/\/store.rektor.no\/index.php?rest_route=%2Fwp%2Fv2%2Fproduct_tag&post=5544"}],"curies":[{"name":"wp","href":"https:\/\/api.w.org\/{rel}","templated":true}]}}