{"id":5470,"date":"2023-05-15T07:39:20","date_gmt":"2023-05-15T07:39:20","guid":{"rendered":"https:\/\/store.rektor.no\/?product=dumas-w-020999-2"},"modified":"2023-05-15T07:39:28","modified_gmt":"2023-05-15T07:39:28","slug":"dumas-w-020999-2","status":"publish","type":"product","link":"https:\/\/store.rektor.no\/?product=dumas-w-020999-2","title":{"rendered":"Dumas W &#8211; 020999"},"content":{"rendered":"<p>Artikelnummer:020999<\/p>\n","protected":false},"excerpt":{"rendered":"<p>En varm vattert jakke laget for kalde og m\u00f8rke forhold. Reflekterende detaljer, avtagbar og justerbar hette, vanntette SBS-glidel\u00e5ser i front og p\u00e5 frontlommene. To store indre lommer av mesh. Sn\u00f8ring i nederkant p\u00e5 herremodellen og sn\u00f8ring i livet p\u00e5 damemodellen. Justerbare mansjetter med borrel\u00e5s, samt indre mansjetter med 2&#215;2 ribb i ermene. Jakken har to broderingslommer.<\/p>\n","protected":false},"featured_media":2759,"template":"","meta":[],"product_cat":[106,107,109],"product_tag":[],"_links":{"self":[{"href":"https:\/\/store.rektor.no\/index.php?rest_route=\/wp\/v2\/product\/5470"}],"collection":[{"href":"https:\/\/store.rektor.no\/index.php?rest_route=\/wp\/v2\/product"}],"about":[{"href":"https:\/\/store.rektor.no\/index.php?rest_route=\/wp\/v2\/types\/product"}],"wp:featuredmedia":[{"embeddable":true,"href":"https:\/\/store.rektor.no\/index.php?rest_route=\/wp\/v2\/media\/2759"}],"wp:attachment":[{"href":"https:\/\/store.rektor.no\/index.php?rest_route=%2Fwp%2Fv2%2Fmedia&parent=5470"}],"wp:term":[{"taxonomy":"product_cat","embeddable":true,"href":"https:\/\/store.rektor.no\/index.php?rest_route=%2Fwp%2Fv2%2Fproduct_cat&post=5470"},{"taxonomy":"product_tag","embeddable":true,"href":"https:\/\/store.rektor.no\/index.php?rest_route=%2Fwp%2Fv2%2Fproduct_tag&post=5470"}],"curies":[{"name":"wp","href":"https:\/\/api.w.org\/{rel}","templated":true}]}}