{"id":5426,"date":"2023-05-15T07:39:11","date_gmt":"2023-05-15T07:39:11","guid":{"rendered":"https:\/\/store.rektor.no\/?product=weston-020989-2"},"modified":"2023-05-15T07:39:18","modified_gmt":"2023-05-15T07:39:18","slug":"weston-020989-2","status":"publish","type":"product","link":"https:\/\/store.rektor.no\/?product=weston-020989-2","title":{"rendered":"Weston &#8211; 020989"},"content":{"rendered":"<p>Artikelnummer:020989<\/p>\n","protected":false},"excerpt":{"rendered":"<p>Vattert vest med reflekterende stripe over bryst og p\u00e5 zip &#8211; pullers. Sidelommer med glidel\u00e5s og en innerlomme med glidel\u00e5s. SBS glidel\u00e5ser.<\/p>\n","protected":false},"featured_media":2709,"template":"","meta":[],"product_cat":[106,107,110],"product_tag":[],"_links":{"self":[{"href":"https:\/\/store.rektor.no\/index.php?rest_route=\/wp\/v2\/product\/5426"}],"collection":[{"href":"https:\/\/store.rektor.no\/index.php?rest_route=\/wp\/v2\/product"}],"about":[{"href":"https:\/\/store.rektor.no\/index.php?rest_route=\/wp\/v2\/types\/product"}],"wp:featuredmedia":[{"embeddable":true,"href":"https:\/\/store.rektor.no\/index.php?rest_route=\/wp\/v2\/media\/2709"}],"wp:attachment":[{"href":"https:\/\/store.rektor.no\/index.php?rest_route=%2Fwp%2Fv2%2Fmedia&parent=5426"}],"wp:term":[{"taxonomy":"product_cat","embeddable":true,"href":"https:\/\/store.rektor.no\/index.php?rest_route=%2Fwp%2Fv2%2Fproduct_cat&post=5426"},{"taxonomy":"product_tag","embeddable":true,"href":"https:\/\/store.rektor.no\/index.php?rest_route=%2Fwp%2Fv2%2Fproduct_tag&post=5426"}],"curies":[{"name":"wp","href":"https:\/\/api.w.org\/{rel}","templated":true}]}}