{"id":5378,"date":"2023-05-15T07:39:01","date_gmt":"2023-05-15T07:39:01","guid":{"rendered":"https:\/\/store.rektor.no\/?product=grayland-020980-2"},"modified":"2023-05-15T07:39:09","modified_gmt":"2023-05-15T07:39:09","slug":"grayland-020980-2","status":"publish","type":"product","link":"https:\/\/store.rektor.no\/?product=grayland-020980-2","title":{"rendered":"Grayland &#8211; 020980"},"content":{"rendered":"<p>Artikelnummer:020980<\/p>\n","protected":false},"excerpt":{"rendered":"<p>Komfortabel og moderne vattert softshelljakke. Jakken har en avtagbar og justerbar hette, formede ermer for enkel bevegelse, svart f\u00f4r, fire ytterlommer med vanntette glidel\u00e5ser, \u00e9n innerlomme en glidel\u00e5s og \u00e9n innerlomme av mesh. Jakken har ogs\u00e5 justerbare mansjetter med borrel\u00e5s og reflekterende detaljer p\u00e5 ryggen.<\/p>\n","protected":false},"featured_media":2654,"template":"","meta":[],"product_cat":[106,107,108],"product_tag":[],"_links":{"self":[{"href":"https:\/\/store.rektor.no\/index.php?rest_route=\/wp\/v2\/product\/5378"}],"collection":[{"href":"https:\/\/store.rektor.no\/index.php?rest_route=\/wp\/v2\/product"}],"about":[{"href":"https:\/\/store.rektor.no\/index.php?rest_route=\/wp\/v2\/types\/product"}],"wp:featuredmedia":[{"embeddable":true,"href":"https:\/\/store.rektor.no\/index.php?rest_route=\/wp\/v2\/media\/2654"}],"wp:attachment":[{"href":"https:\/\/store.rektor.no\/index.php?rest_route=%2Fwp%2Fv2%2Fmedia&parent=5378"}],"wp:term":[{"taxonomy":"product_cat","embeddable":true,"href":"https:\/\/store.rektor.no\/index.php?rest_route=%2Fwp%2Fv2%2Fproduct_cat&post=5378"},{"taxonomy":"product_tag","embeddable":true,"href":"https:\/\/store.rektor.no\/index.php?rest_route=%2Fwp%2Fv2%2Fproduct_tag&post=5378"}],"curies":[{"name":"wp","href":"https:\/\/api.w.org\/{rel}","templated":true}]}}