{"id":5214,"date":"2023-05-15T07:38:19","date_gmt":"2023-05-15T07:38:19","guid":{"rendered":"https:\/\/store.rektor.no\/?product=kingslake-ladies-020972-2"},"modified":"2023-05-15T07:38:32","modified_gmt":"2023-05-15T07:38:32","slug":"kingslake-ladies-020972-2","status":"publish","type":"product","link":"https:\/\/store.rektor.no\/?product=kingslake-ladies-020972-2","title":{"rendered":"Kingslake Ladies &#8211; 020972"},"content":{"rendered":"<p>Artikelnummer:020972<\/p>\n","protected":false},"excerpt":{"rendered":"<p>F\u00f4ret, vind- og vanntett jakke. Fire ytterlommer med glidel\u00e5s, en innvendig lomme med glidel\u00e5s og to innvendige mesh lommer. Avtagbar hette og skjulte mansjetter nederst p\u00e5 armene. Tilpasset for hodetelefoner.<\/p>\n","protected":false},"featured_media":2465,"template":"","meta":[],"product_cat":[106,107,114],"product_tag":[],"_links":{"self":[{"href":"https:\/\/store.rektor.no\/index.php?rest_route=\/wp\/v2\/product\/5214"}],"collection":[{"href":"https:\/\/store.rektor.no\/index.php?rest_route=\/wp\/v2\/product"}],"about":[{"href":"https:\/\/store.rektor.no\/index.php?rest_route=\/wp\/v2\/types\/product"}],"wp:featuredmedia":[{"embeddable":true,"href":"https:\/\/store.rektor.no\/index.php?rest_route=\/wp\/v2\/media\/2465"}],"wp:attachment":[{"href":"https:\/\/store.rektor.no\/index.php?rest_route=%2Fwp%2Fv2%2Fmedia&parent=5214"}],"wp:term":[{"taxonomy":"product_cat","embeddable":true,"href":"https:\/\/store.rektor.no\/index.php?rest_route=%2Fwp%2Fv2%2Fproduct_cat&post=5214"},{"taxonomy":"product_tag","embeddable":true,"href":"https:\/\/store.rektor.no\/index.php?rest_route=%2Fwp%2Fv2%2Fproduct_tag&post=5214"}],"curies":[{"name":"wp","href":"https:\/\/api.w.org\/{rel}","templated":true}]}}