{"id":5025,"date":"2023-05-15T07:37:38","date_gmt":"2023-05-15T07:37:38","guid":{"rendered":"https:\/\/store.rektor.no\/?product=padded-softshell-vest-020958-2"},"modified":"2023-05-15T07:37:50","modified_gmt":"2023-05-15T07:37:50","slug":"padded-softshell-vest-020958-2","status":"publish","type":"product","link":"https:\/\/store.rektor.no\/?product=padded-softshell-vest-020958-2","title":{"rendered":"Padded Softshell Vest &#8211; 020958"},"content":{"rendered":"<p>Artikelnummer:020958<\/p>\n","protected":false},"excerpt":{"rendered":"<p>Padded Softshell Vest er en vattert softshellvest med tre ytterlommer med reverserte SBS-glidel\u00e5ser, \u00e9n innerlomme, broderingslomme, svart f\u00f4r og avtagbar etikett i nakken.<\/p>\n","protected":false},"featured_media":2249,"template":"","meta":[],"product_cat":[106,107,164,110],"product_tag":[],"_links":{"self":[{"href":"https:\/\/store.rektor.no\/index.php?rest_route=\/wp\/v2\/product\/5025"}],"collection":[{"href":"https:\/\/store.rektor.no\/index.php?rest_route=\/wp\/v2\/product"}],"about":[{"href":"https:\/\/store.rektor.no\/index.php?rest_route=\/wp\/v2\/types\/product"}],"wp:featuredmedia":[{"embeddable":true,"href":"https:\/\/store.rektor.no\/index.php?rest_route=\/wp\/v2\/media\/2249"}],"wp:attachment":[{"href":"https:\/\/store.rektor.no\/index.php?rest_route=%2Fwp%2Fv2%2Fmedia&parent=5025"}],"wp:term":[{"taxonomy":"product_cat","embeddable":true,"href":"https:\/\/store.rektor.no\/index.php?rest_route=%2Fwp%2Fv2%2Fproduct_cat&post=5025"},{"taxonomy":"product_tag","embeddable":true,"href":"https:\/\/store.rektor.no\/index.php?rest_route=%2Fwp%2Fv2%2Fproduct_tag&post=5025"}],"curies":[{"name":"wp","href":"https:\/\/api.w.org\/{rel}","templated":true}]}}